{"id":192,"date":"2023-03-14T20:54:29","date_gmt":"2023-03-14T20:54:29","guid":{"rendered":"https:\/\/woodenuniques.com\/?page_id=192"},"modified":"2023-12-12T08:28:54","modified_gmt":"2023-12-12T08:28:54","slug":"kontakt","status":"publish","type":"page","link":"https:\/\/woodenuniques.com\/fr\/kontakt\/","title":{"rendered":"CONTACT"},"content":{"rendered":"<p>[et_pb_section fb_built=&#8220;1&#8243; _builder_version=&#8220;4.20.2&#8243; _module_preset=&#8220;default&#8220; custom_padding=&#8220;40px|||||&#8220; global_colors_info=&#8220;{}&#8220;][et_pb_row _builder_version=&#8220;4.20.2&#8243; _module_preset=&#8220;default&#8220; global_colors_info=&#8220;{}&#8220;][et_pb_column type=&#8220;4_4&#8243; _builder_version=&#8220;4.20.2&#8243; _module_preset=&#8220;default&#8220; global_colors_info=&#8220;{}&#8220;][et_pb_text _builder_version=&#8220;4.20.2&#8243; _module_preset=&#8220;default&#8220; text_font=&#8220;Open Sans|800||on|||||&#8220; text_text_color=&#8220;#000000&#8243; text_font_size=&#8220;32px&#8220; text_letter_spacing=&#8220;10px&#8220; global_colors_info=&#8220;{}&#8220;]<\/p>\n<p>Contact<\/p>\n<p>[\/et_pb_text][et_pb_contact_form email=&#8220;veronika@woodeuniques.com&#8220; title=&#8220;Napi\u0161te n\u00e1m!&#8220; success_message=&#8220;D\u011bkujeme za va\u0161i zpr\u00e1vu, do 24h se v\u00e1m ozveme!&#8220; _builder_version=&#8220;4.20.2&#8243; _module_preset=&#8220;default&#8220; _unique_id=&#8220;cced011b-8b5d-4c74-ae49-9d29dbe3216d&#8220; custom_button=&#8220;on&#8220; button_text_color=&#8220;#FFFFFF&#8220; button_bg_color=&#8220;#422918&#8243; button_border_color=&#8220;RGBA(255,255,255,0)&#8220; button_border_radius=&#8220;16px&#8220; button_font=&#8220;Open Sans|800|||||||&#8220; button_icon=&#8220;&#x26;||divi||400&#8243; global_colors_info=&#8220;{}&#8220;][et_pb_contact_field field_id=&#8220;Name&#8220; field_title=&#8220;Jm\u00e9no&#8220; _builder_version=&#8220;4.16&#8243; global_colors_info=&#8220;{}&#8220; button_text_size__hover_enabled=&#8220;off&#8220; button_one_text_size__hover_enabled=&#8220;off&#8220; button_two_text_size__hover_enabled=&#8220;off&#8220; button_text_color__hover_enabled=&#8220;off&#8220; button_one_text_color__hover_enabled=&#8220;off&#8220; button_two_text_color__hover_enabled=&#8220;off&#8220; button_border_width__hover_enabled=&#8220;off&#8220; button_one_border_width__hover_enabled=&#8220;off&#8220; button_two_border_width__hover_enabled=&#8220;off&#8220; button_border_color__hover_enabled=&#8220;off&#8220; button_one_border_color__hover_enabled=&#8220;off&#8220; button_two_border_color__hover_enabled=&#8220;off&#8220; button_border_radius__hover_enabled=&#8220;off&#8220; button_one_border_radius__hover_enabled=&#8220;off&#8220; button_two_border_radius__hover_enabled=&#8220;off&#8220; button_letter_spacing__hover_enabled=&#8220;off&#8220; button_one_letter_spacing__hover_enabled=&#8220;off&#8220; button_two_letter_spacing__hover_enabled=&#8220;off&#8220; button_bg_color__hover_enabled=&#8220;off&#8220; button_one_bg_color__hover_enabled=&#8220;off&#8220; button_two_bg_color__hover_enabled=&#8220;off&#8220;][\/et_pb_contact_field][et_pb_contact_field field_id=&#8220;Email&#8220; field_title=&#8220;E-mailov\u00e1 adresa&#8220; field_type=&#8220;email&#8220; _builder_version=&#8220;4.16&#8243; global_colors_info=&#8220;{}&#8220; button_text_size__hover_enabled=&#8220;off&#8220; button_one_text_size__hover_enabled=&#8220;off&#8220; button_two_text_size__hover_enabled=&#8220;off&#8220; button_text_color__hover_enabled=&#8220;off&#8220; button_one_text_color__hover_enabled=&#8220;off&#8220; button_two_text_color__hover_enabled=&#8220;off&#8220; button_border_width__hover_enabled=&#8220;off&#8220; button_one_border_width__hover_enabled=&#8220;off&#8220; button_two_border_width__hover_enabled=&#8220;off&#8220; button_border_color__hover_enabled=&#8220;off&#8220; button_one_border_color__hover_enabled=&#8220;off&#8220; button_two_border_color__hover_enabled=&#8220;off&#8220; button_border_radius__hover_enabled=&#8220;off&#8220; button_one_border_radius__hover_enabled=&#8220;off&#8220; button_two_border_radius__hover_enabled=&#8220;off&#8220; button_letter_spacing__hover_enabled=&#8220;off&#8220; button_one_letter_spacing__hover_enabled=&#8220;off&#8220; button_two_letter_spacing__hover_enabled=&#8220;off&#8220; button_bg_color__hover_enabled=&#8220;off&#8220; button_one_bg_color__hover_enabled=&#8220;off&#8220; button_two_bg_color__hover_enabled=&#8220;off&#8220;][\/et_pb_contact_field][et_pb_contact_field field_id=&#8220;Message&#8220; field_title=&#8220;Zpr\u00e1va&#8220; field_type=&#8220;text&#8220; fullwidth_field=&#8220;on&#8220; _builder_version=&#8220;4.16&#8243; global_colors_info=&#8220;{}&#8220; button_text_size__hover_enabled=&#8220;off&#8220; button_one_text_size__hover_enabled=&#8220;off&#8220; button_two_text_size__hover_enabled=&#8220;off&#8220; button_text_color__hover_enabled=&#8220;off&#8220; button_one_text_color__hover_enabled=&#8220;off&#8220; button_two_text_color__hover_enabled=&#8220;off&#8220; button_border_width__hover_enabled=&#8220;off&#8220; button_one_border_width__hover_enabled=&#8220;off&#8220; button_two_border_width__hover_enabled=&#8220;off&#8220; button_border_color__hover_enabled=&#8220;off&#8220; button_one_border_color__hover_enabled=&#8220;off&#8220; button_two_border_color__hover_enabled=&#8220;off&#8220; button_border_radius__hover_enabled=&#8220;off&#8220; button_one_border_radius__hover_enabled=&#8220;off&#8220; button_two_border_radius__hover_enabled=&#8220;off&#8220; button_letter_spacing__hover_enabled=&#8220;off&#8220; button_one_letter_spacing__hover_enabled=&#8220;off&#8220; button_two_letter_spacing__hover_enabled=&#8220;off&#8220; button_bg_color__hover_enabled=&#8220;off&#8220; button_one_bg_color__hover_enabled=&#8220;off&#8220; button_two_bg_color__hover_enabled=&#8220;off&#8220;][\/et_pb_contact_field][\/et_pb_contact_form][\/et_pb_column][\/et_pb_row][et_pb_row column_structure=&#8220;1_2,1_2&#8243; _builder_version=&#8220;4.20.2&#8243; _module_preset=&#8220;default&#8220; global_colors_info=&#8220;{}&#8220;][et_pb_column type=&#8220;1_2&#8243; _builder_version=&#8220;4.20.2&#8243; _module_preset=&#8220;default&#8220; global_colors_info=&#8220;{}&#8220;][et_pb_text _builder_version=&#8220;4.20.2&#8243; _module_preset=&#8220;default&#8220; text_font=&#8220;Open Sans||||||||&#8220; text_font_size=&#8220;20px&#8220; global_colors_info=&#8220;{}&#8220;]<\/p>\n<p style=\"text-align: justify;\"><span>Si vous \u00eates int\u00e9ress\u00e9, nous pouvons vous inviter \u00e0 une visite priv\u00e9e de nos pi\u00e8ces exclusives. Il vous suffit de nous contacter via notre formulaire ou de nous appeler sur l\u2019un des num\u00e9ros de t\u00e9l\u00e9phone indiqu\u00e9s pour convenir d\u2019une date pour une visite priv\u00e9e de notre showroom. Pendant votre visite, nous serons enti\u00e8rement \u00e0 votre disposition et serons heureux de r\u00e9pondre \u00e0 toutes vos questions. Nous sommes s\u00fbrs que vous serez enchant\u00e9 par notre offre et la qualit\u00e9 de nos produits exclusifs ! Nous nous r\u00e9jouissons de vous rencontrer!<\/span><\/p>\n<p>[\/et_pb_text][\/et_pb_column][et_pb_column type=&#8220;1_2&#8243; _builder_version=&#8220;4.20.2&#8243; _module_preset=&#8220;default&#8220; global_colors_info=&#8220;{}&#8220;][et_pb_image src=&#8220;https:\/\/woodenuniques.com\/wp-content\/uploads\/2023\/08\/DJI_0263.jpg&#8220; title_text=&#8220;DJI_0263&#8243; _builder_version=&#8220;4.20.2&#8243; _module_preset=&#8220;default&#8220; global_colors_info=&#8220;{}&#8220;][\/et_pb_image][\/et_pb_column][\/et_pb_row][et_pb_row column_structure=&#8220;1_2,1_2&#8243; _builder_version=&#8220;4.20.2&#8243; _module_preset=&#8220;default&#8220; global_colors_info=&#8220;{}&#8220;][et_pb_column type=&#8220;1_2&#8243; _builder_version=&#8220;4.20.2&#8243; _module_preset=&#8220;default&#8220; global_colors_info=&#8220;{}&#8220;][et_pb_text _builder_version=&#8220;4.20.2&#8243; _module_preset=&#8220;default&#8220; text_font=&#8220;Open Sans|||on|||||&#8220; text_text_color=&#8220;#000000&#8243; text_font_size=&#8220;19px&#8220; hover_enabled=&#8220;0&#8243; global_colors_info=&#8220;{}&#8220; sticky_enabled=&#8220;0&#8243;]<\/p>\n<p>Pour toute demande, contactez-nous<\/p>\n<p><a href=\"mailto:veronika@woodenuniques.com\">veronika@woodenuniques.com<\/a><\/p>\n<p>tel.: +420 775 243 657 (CZ\/EN)<\/p>\n<p>[\/et_pb_text][\/et_pb_column][et_pb_column type=&#8220;1_2&#8243; _builder_version=&#8220;4.20.2&#8243; _module_preset=&#8220;default&#8220; global_colors_info=&#8220;{}&#8220;][\/et_pb_column][\/et_pb_row][\/et_pb_section]<\/p>","protected":false},"excerpt":{"rendered":"<p>KontaktPokud m\u00e1te z\u00e1jem, m\u016f\u017eeme v\u00e1s pozvat na osobn\u00ed prohl\u00eddku na\u0161ich exkluzivn\u00edch kousk\u016f. Sta\u010d\u00ed n\u00e1s kontaktovat prost\u0159ednictv\u00edm na\u0161eho formul\u00e1\u0159e nebo zavolat na jedno z uveden\u00fdch telefonn\u00edch \u010d\u00edsel a domluvit si term\u00edn pro soukromou n\u00e1v\u0161t\u011bvu na\u0161eho showroomu. B\u011bhem va\u0161\u00ed n\u00e1v\u0161t\u011bvy se na v\u00e1s budeme 100% v\u011bnovat a r\u00e1di zodpov\u00edme v\u0161echny va\u0161e dotazy. Jsme si jisti, \u017ee budete [&hellip;]<\/p>","protected":false},"author":1,"featured_media":0,"parent":0,"menu_order":0,"comment_status":"closed","ping_status":"closed","template":"","meta":{"_et_pb_use_builder":"on","_et_pb_old_content":"","_et_gb_content_width":"","footnotes":""},"class_list":["post-192","page","type-page","status-publish","hentry"],"yoast_head":"<!-- This site is optimized with the Yoast SEO plugin v26.0 - https:\/\/yoast.com\/wordpress\/plugins\/seo\/ -->\n<title>KONTAKT - Wooden Uniques<\/title>\n<meta name=\"description\" content=\"KONTAKT Wooden Uniques\" \/>\n<meta name=\"robots\" content=\"index, follow, max-snippet:-1, max-image-preview:large, max-video-preview:-1\" \/>\n<link rel=\"canonical\" href=\"https:\/\/woodenuniques.com\/fr\/kontakt\/\" \/>\n<meta property=\"og:locale\" content=\"fr_FR\" \/>\n<meta property=\"og:type\" content=\"article\" \/>\n<meta property=\"og:title\" content=\"KONTAKT - Wooden Uniques\" \/>\n<meta property=\"og:description\" content=\"KONTAKT Wooden Uniques\" \/>\n<meta property=\"og:url\" content=\"https:\/\/woodenuniques.com\/fr\/kontakt\/\" \/>\n<meta property=\"og:site_name\" content=\"Wooden Uniques\" \/>\n<meta property=\"article:modified_time\" content=\"2023-12-12T08:28:54+00:00\" \/>\n<meta property=\"og:image\" content=\"https:\/\/i0.wp.com\/woodenuniques.com\/wp-content\/uploads\/2023\/05\/Snimek-obrazovky-2023-05-17-v-21.04.38.png?fit=1997%2C1160&ssl=1\" \/>\n\t<meta property=\"og:image:width\" content=\"1997\" \/>\n\t<meta property=\"og:image:height\" content=\"1160\" \/>\n\t<meta property=\"og:image:type\" content=\"image\/png\" \/>\n<meta name=\"twitter:card\" content=\"summary_large_image\" \/>\n<meta name=\"twitter:label1\" content=\"Dur\u00e9e de lecture estim\u00e9e\" \/>\n\t<meta name=\"twitter:data1\" content=\"5 minutes\" \/>\n<script type=\"application\/ld+json\" class=\"yoast-schema-graph\">{\"@context\":\"https:\/\/schema.org\",\"@graph\":[{\"@type\":\"WebPage\",\"@id\":\"https:\/\/woodenuniques.com\/kontakt\/\",\"url\":\"https:\/\/woodenuniques.com\/kontakt\/\",\"name\":\"KONTAKT - Wooden Uniques\",\"isPartOf\":{\"@id\":\"https:\/\/woodenuniques.com\/#website\"},\"datePublished\":\"2023-03-14T20:54:29+00:00\",\"dateModified\":\"2023-12-12T08:28:54+00:00\",\"description\":\"KONTAKT Wooden Uniques\",\"breadcrumb\":{\"@id\":\"https:\/\/woodenuniques.com\/kontakt\/#breadcrumb\"},\"inLanguage\":\"fr-FR\",\"potentialAction\":[{\"@type\":\"ReadAction\",\"target\":[\"https:\/\/woodenuniques.com\/kontakt\/\"]}]},{\"@type\":\"BreadcrumbList\",\"@id\":\"https:\/\/woodenuniques.com\/kontakt\/#breadcrumb\",\"itemListElement\":[{\"@type\":\"ListItem\",\"position\":1,\"name\":\"Dom\u016f\",\"item\":\"https:\/\/woodenuniques.com\/\"},{\"@type\":\"ListItem\",\"position\":2,\"name\":\"KONTAKT\"}]},{\"@type\":\"WebSite\",\"@id\":\"https:\/\/woodenuniques.com\/#website\",\"url\":\"https:\/\/woodenuniques.com\/\",\"name\":\"Wooden Uniques\",\"description\":\"Podmaniv\u00e1 Afrika pro V\u00e1\u0161 unik\u00e1tn\u00ed domov.\",\"publisher\":{\"@id\":\"https:\/\/woodenuniques.com\/#organization\"},\"alternateName\":\"WoodenUniques\",\"potentialAction\":[{\"@type\":\"SearchAction\",\"target\":{\"@type\":\"EntryPoint\",\"urlTemplate\":\"https:\/\/woodenuniques.com\/?s={search_term_string}\"},\"query-input\":{\"@type\":\"PropertyValueSpecification\",\"valueRequired\":true,\"valueName\":\"search_term_string\"}}],\"inLanguage\":\"fr-FR\"},{\"@type\":\"Organization\",\"@id\":\"https:\/\/woodenuniques.com\/#organization\",\"name\":\"Wooden Uniques\",\"alternateName\":\"Woodenuniques\",\"url\":\"https:\/\/woodenuniques.com\/\",\"logo\":{\"@type\":\"ImageObject\",\"inLanguage\":\"fr-FR\",\"@id\":\"https:\/\/woodenuniques.com\/#\/schema\/logo\/image\/\",\"url\":\"https:\/\/i0.wp.com\/woodenuniques.com\/wp-content\/uploads\/2023\/04\/logo-nove@4x.png?fit=9201%2C4277&ssl=1\",\"contentUrl\":\"https:\/\/i0.wp.com\/woodenuniques.com\/wp-content\/uploads\/2023\/04\/logo-nove@4x.png?fit=9201%2C4277&ssl=1\",\"width\":9201,\"height\":4277,\"caption\":\"Wooden Uniques\"},\"image\":{\"@id\":\"https:\/\/woodenuniques.com\/#\/schema\/logo\/image\/\"},\"sameAs\":[\"https:\/\/www.instagram.com\/woodenuniques\/\"]}]}<\/script>\n<!-- \/ Yoast SEO plugin. -->","yoast_head_json":{"title":"KONTAKT - Wooden Uniques","description":"KONTAKT Wooden Uniques","robots":{"index":"index","follow":"follow","max-snippet":"max-snippet:-1","max-image-preview":"max-image-preview:large","max-video-preview":"max-video-preview:-1"},"canonical":"https:\/\/woodenuniques.com\/fr\/kontakt\/","og_locale":"fr_FR","og_type":"article","og_title":"KONTAKT - Wooden Uniques","og_description":"KONTAKT Wooden Uniques","og_url":"https:\/\/woodenuniques.com\/fr\/kontakt\/","og_site_name":"Wooden Uniques","article_modified_time":"2023-12-12T08:28:54+00:00","og_image":[{"width":1997,"height":1160,"url":"https:\/\/i0.wp.com\/woodenuniques.com\/wp-content\/uploads\/2023\/05\/Snimek-obrazovky-2023-05-17-v-21.04.38.png?fit=1997%2C1160&ssl=1","type":"image\/png"}],"twitter_card":"summary_large_image","twitter_misc":{"Dur\u00e9e de lecture estim\u00e9e":"5 minutes"},"schema":{"@context":"https:\/\/schema.org","@graph":[{"@type":"WebPage","@id":"https:\/\/woodenuniques.com\/kontakt\/","url":"https:\/\/woodenuniques.com\/kontakt\/","name":"KONTAKT - Wooden Uniques","isPartOf":{"@id":"https:\/\/woodenuniques.com\/#website"},"datePublished":"2023-03-14T20:54:29+00:00","dateModified":"2023-12-12T08:28:54+00:00","description":"KONTAKT Wooden Uniques","breadcrumb":{"@id":"https:\/\/woodenuniques.com\/kontakt\/#breadcrumb"},"inLanguage":"fr-FR","potentialAction":[{"@type":"ReadAction","target":["https:\/\/woodenuniques.com\/kontakt\/"]}]},{"@type":"BreadcrumbList","@id":"https:\/\/woodenuniques.com\/kontakt\/#breadcrumb","itemListElement":[{"@type":"ListItem","position":1,"name":"Dom\u016f","item":"https:\/\/woodenuniques.com\/"},{"@type":"ListItem","position":2,"name":"KONTAKT"}]},{"@type":"WebSite","@id":"https:\/\/woodenuniques.com\/#website","url":"https:\/\/woodenuniques.com\/","name":"Wooden Uniques","description":"Podmaniv\u00e1 Afrika pro V\u00e1\u0161 unik\u00e1tn\u00ed domov.","publisher":{"@id":"https:\/\/woodenuniques.com\/#organization"},"alternateName":"WoodenUniques","potentialAction":[{"@type":"SearchAction","target":{"@type":"EntryPoint","urlTemplate":"https:\/\/woodenuniques.com\/?s={search_term_string}"},"query-input":{"@type":"PropertyValueSpecification","valueRequired":true,"valueName":"search_term_string"}}],"inLanguage":"fr-FR"},{"@type":"Organization","@id":"https:\/\/woodenuniques.com\/#organization","name":"Wooden Uniques","alternateName":"Woodenuniques","url":"https:\/\/woodenuniques.com\/","logo":{"@type":"ImageObject","inLanguage":"fr-FR","@id":"https:\/\/woodenuniques.com\/#\/schema\/logo\/image\/","url":"https:\/\/i0.wp.com\/woodenuniques.com\/wp-content\/uploads\/2023\/04\/logo-nove@4x.png?fit=9201%2C4277&ssl=1","contentUrl":"https:\/\/i0.wp.com\/woodenuniques.com\/wp-content\/uploads\/2023\/04\/logo-nove@4x.png?fit=9201%2C4277&ssl=1","width":9201,"height":4277,"caption":"Wooden Uniques"},"image":{"@id":"https:\/\/woodenuniques.com\/#\/schema\/logo\/image\/"},"sameAs":["https:\/\/www.instagram.com\/woodenuniques\/"]}]}},"jetpack-related-posts":[],"jetpack_sharing_enabled":true,"_links":{"self":[{"href":"https:\/\/woodenuniques.com\/fr\/wp-json\/wp\/v2\/pages\/192","targetHints":{"allow":["GET"]}}],"collection":[{"href":"https:\/\/woodenuniques.com\/fr\/wp-json\/wp\/v2\/pages"}],"about":[{"href":"https:\/\/woodenuniques.com\/fr\/wp-json\/wp\/v2\/types\/page"}],"author":[{"embeddable":true,"href":"https:\/\/woodenuniques.com\/fr\/wp-json\/wp\/v2\/users\/1"}],"replies":[{"embeddable":true,"href":"https:\/\/woodenuniques.com\/fr\/wp-json\/wp\/v2\/comments?post=192"}],"version-history":[{"count":9,"href":"https:\/\/woodenuniques.com\/fr\/wp-json\/wp\/v2\/pages\/192\/revisions"}],"predecessor-version":[{"id":1111,"href":"https:\/\/woodenuniques.com\/fr\/wp-json\/wp\/v2\/pages\/192\/revisions\/1111"}],"wp:attachment":[{"href":"https:\/\/woodenuniques.com\/fr\/wp-json\/wp\/v2\/media?parent=192"}],"curies":[{"name":"wp","href":"https:\/\/api.w.org\/{rel}","templated":true}]}}