{"id":186,"date":"2023-03-14T20:53:23","date_gmt":"2023-03-14T20:53:23","guid":{"rendered":"https:\/\/woodenuniques.com\/?page_id=186"},"modified":"2025-07-29T07:34:35","modified_gmt":"2025-07-29T07:34:35","slug":"nas_pribeh","status":"publish","type":"page","link":"https:\/\/woodenuniques.com\/fr\/nas_pribeh\/","title":{"rendered":"NOTRE HISTOIRE"},"content":{"rendered":"<p>[et_pb_section fb_built=&#8220;1&#8243; _builder_version=&#8220;4.20.2&#8243; _module_preset=&#8220;default&#8220; position_origin_a_tablet=&#8220;&#8220; position_origin_a_phone=&#8220;&#8220; position_origin_a_last_edited=&#8220;on|phone&#8220; position_origin_f_tablet=&#8220;&#8220; position_origin_f_phone=&#8220;&#8220; position_origin_f_last_edited=&#8220;on|phone&#8220; position_origin_r_tablet=&#8220;&#8220; position_origin_r_phone=&#8220;&#8220; position_origin_r_last_edited=&#8220;on|phone&#8220; min_height=&#8220;155.8px&#8220; custom_padding=&#8220;2px||3px|||&#8220; positioning_tablet=&#8220;&#8220; positioning_phone=&#8220;&#8220; positioning_last_edited=&#8220;on|phone&#8220; global_colors_info=&#8220;{}&#8220;][et_pb_row _builder_version=&#8220;4.20.2&#8243; _module_preset=&#8220;default&#8220; width=&#8220;67.5%&#8220; min_height=&#8220;19.8px&#8220; global_colors_info=&#8220;{}&#8220;][et_pb_column type=&#8220;4_4&#8243; _builder_version=&#8220;4.20.2&#8243; _module_preset=&#8220;default&#8220; global_colors_info=&#8220;{}&#8220;][et_pb_text _builder_version=&#8220;4.20.2&#8243; _module_preset=&#8220;default&#8220; text_font=&#8220;Open Sans|800||on|||||&#8220; text_text_color=&#8220;#000000&#8243; text_font_size=&#8220;42px&#8220; text_letter_spacing=&#8220;10px&#8220; text_font_size_tablet=&#8220;42px&#8220; text_font_size_phone=&#8220;23px&#8220; text_font_size_last_edited=&#8220;on|phone&#8220; global_colors_info=&#8220;{}&#8220;]<\/p>\n<p style=\"text-align: left;\">NOTRE HISTOIRE<\/p>\n<p>[\/et_pb_text][\/et_pb_column][\/et_pb_row][\/et_pb_section][et_pb_section fb_built=&#8220;1&#8243; _builder_version=&#8220;4.20.2&#8243; _module_preset=&#8220;default&#8220; custom_padding=&#8220;0px|||||&#8220; global_colors_info=&#8220;{}&#8220;][et_pb_row column_structure=&#8220;3_5,2_5&#8243; _builder_version=&#8220;4.20.2&#8243; _module_preset=&#8220;default&#8220; min_height=&#8220;322.8px&#8220; global_colors_info=&#8220;{}&#8220;][et_pb_column type=&#8220;3_5&#8243; _builder_version=&#8220;4.20.2&#8243; _module_preset=&#8220;default&#8220; global_colors_info=&#8220;{}&#8220;][et_pb_text content_tablet=&#8220;<\/p>\n<p>Je m'appelle Veronika. L'id\u00e9e de cr\u00e9er Wooden Uniques et d'importer en Europe du mobilier sculpt\u00e9 \u00e0 la main est n\u00e9e de ma passion pour les voyages, de mon amour pour l'Afrique et d'une belle amiti\u00e9.<\/p>\n<p>Il y a plusieurs ann\u00e9es, alors que j\u2019\u00e9tudiais aux \u00c9tats-Unis, j\u2019ai nou\u00e9 une amiti\u00e9 avec un Sud-Africain. Au fil de mes visites, j\u2019ai pu d\u00e9couvrir de plus pr\u00e8s ce continent qui m\u2019a toujours fascin\u00e9e.<\/p>\n<\/p>\n<p>&#8220; content_phone=&#8220;@ET-DC@eyJkeW5hbWljIjp0cnVlLCJjb250ZW50IjoicG9zdF9tZXRhX2tleSIsInNldHRpbmdzIjp7ImJlZm9yZSI6IiIsImFmdGVyIjoiIiwibWV0YV9rZXkiOiIiLCJlbmFibGVfaHRtbCI6Im9mZiJ9fQ==@&#8220; content_last_edited=&#8220;off|desktop&#8220; _builder_version=&#8220;4.20.2&#8243; _dynamic_attributes=&#8220;content_phone&#8220; _module_preset=&#8220;default&#8220; text_font=&#8220;Open Sans||||||||&#8220; text_font_size=&#8220;18px&#8220; text_line_height=&#8220;1.9em&#8220; custom_margin=&#8220;-21px||||false|false&#8220; global_colors_info=&#8220;{}&#8220;]<\/p>\n<p>Je m'appelle Veronika. L'id\u00e9e de cr\u00e9er Wooden Uniques et d'importer en Europe du mobilier sculpt\u00e9 \u00e0 la main est n\u00e9e de ma passion pour les voyages, de mon amour pour l'Afrique et d'une belle amiti\u00e9.<\/p>\n<p>Il y a plusieurs ann\u00e9es, alors que j\u2019\u00e9tudiais aux \u00c9tats-Unis, j\u2019ai nou\u00e9 une amiti\u00e9 avec un Sud-Africain. Au fil de mes visites, j\u2019ai pu d\u00e9couvrir de plus pr\u00e8s ce continent qui m\u2019a toujours fascin\u00e9e.<\/p>\n<p>&nbsp;<\/p>\n<p>[\/et_pb_text][\/et_pb_column][et_pb_column type=&#8220;2_5&#8243; _builder_version=&#8220;4.20.2&#8243; _module_preset=&#8220;default&#8220; global_colors_info=&#8220;{}&#8220;][et_pb_image src=&#8220;https:\/\/woodenuniques.com\/wp-content\/uploads\/2023\/04\/DSCN9403-scaled.jpg&#8220; title_text=&#8220;DSCN9403&#8243; _builder_version=&#8220;4.20.2&#8243; _module_preset=&#8220;default&#8220; global_colors_info=&#8220;{}&#8220;][\/et_pb_image][\/et_pb_column][\/et_pb_row][et_pb_row column_structure=&#8220;2_5,3_5&#8243; make_equal=&#8220;on&#8220; _builder_version=&#8220;4.20.2&#8243; _module_preset=&#8220;default&#8220; global_colors_info=&#8220;{}&#8220;][et_pb_column type=&#8220;2_5&#8243; _builder_version=&#8220;4.20.2&#8243; _module_preset=&#8220;default&#8220; global_colors_info=&#8220;{}&#8220;][et_pb_image src=&#8220;https:\/\/woodenuniques.com\/wp-content\/uploads\/2023\/04\/Robert-a-Benson-Nzali_3-scaled.jpg&#8220; title_text=&#8220;Robert a Benson Nzali_3&#8243; _builder_version=&#8220;4.20.2&#8243; _module_preset=&#8220;default&#8220; global_colors_info=&#8220;{}&#8220;][\/et_pb_image][\/et_pb_column][et_pb_column type=&#8220;3_5&#8243; _builder_version=&#8220;4.20.2&#8243; _module_preset=&#8220;default&#8220; global_colors_info=&#8220;{}&#8220;][et_pb_text content_tablet=&#8220;<\/p>\n<p style=\"%22text-align:\" justify;%22><span class=\"%22xmprfx_s2%22\"><span class=\"%22xmprfx_bumpedFont15%22\">P\u0159i jedn\u00e9 z n\u00e1v\u0161t\u011bv  <\/span><\/span><span class=\"%22xmprfx_s2%22\"><span class=\"%22xmprfx_bumpedFont15%22\">mne pak<\/span><\/span><span class=\"%22xmprfx_s2%22\"><span class=\"%22xmprfx_bumpedFont15%22\"> sezn\u00e1mil <\/span><\/span><span class=\"%22xmprfx_s2%22\"><span class=\"%22xmprfx_bumpedFont15%22\">s jeho<\/span><\/span><span class=\"%22xmprfx_s2%22\"><span class=\"%22xmprfx_bumpedFont15%22\"> partou skv\u011bl\u00fdch <\/span><\/span><span class=\"%22xmprfx_s2%22\"><span class=\"%22xmprfx_bumpedFont15%22\">a velice \u0161ikovn\u00fdch<\/span><\/span><span class=\"%22xmprfx_s2%22\"><span class=\"%22xmprfx_bumpedFont15%22\"> \u0159ezb\u00e1\u0159\u016f ze Zimbabwe. Nadchlo m\u011b, \u017ee spole\u010dn\u011b objevili zp\u016fsob, jak um\u011blecky zpracovat jinak <\/span><\/span><span class=\"%22xmprfx_s2%22\"><span class=\"%22xmprfx_bumpedFont15%22\">jen<\/span><\/span><span class=\"%22xmprfx_s2%22\"><span class=\"%22xmprfx_bumpedFont15%22\"> zt\u011b\u017e\u00ed vyu\u017eiteln\u00e9 p\u0159irozen\u011b odum\u0159el\u00e9 stromy<\/span><\/span><span class=\"%22xmprfx_s2%22\"><span class=\"%22xmprfx_bumpedFont15%22\">, vdechnout jim nov\u00fd \u017eivot a z\u00e1rove\u0148 vybudovat malou firmu, kter\u00e1 dok\u00e1\u017ee tyto unik\u00e1ty vyv\u00e9zt i za hranice Afriky a j\u00e1 je d\u00edky tomu mohu <\/span><\/span><span class=\"%22xmprfx_s2%22\"><span class=\"%22xmprfx_bumpedFont15%22\">nab\u00eddnout i v\u00e1m<\/span><\/span><span class=\"%22xmprfx_s2%22\"><span class=\"%22xmprfx_bumpedFont15%22\">.<\/span><\/span><\/p>\n<p>&#8220; content_phone=&#8220;<\/p>\n<p style=\"%22text-align:\" left;%22><span class=\"%22xmprfx_s2%22\"><span class=\"%22xmprfx_bumpedFont15%22\">P\u0159i jedn\u00e9 z n\u00e1v\u0161t\u011bv  <\/span><\/span><span class=\"%22xmprfx_s2%22\"><span class=\"%22xmprfx_bumpedFont15%22\">mne pak<\/span><\/span><span class=\"%22xmprfx_s2%22\"><span class=\"%22xmprfx_bumpedFont15%22\"> sezn\u00e1mil <\/span><\/span><span class=\"%22xmprfx_s2%22\"><span class=\"%22xmprfx_bumpedFont15%22\">s jeho<\/span><\/span><span class=\"%22xmprfx_s2%22\"><span class=\"%22xmprfx_bumpedFont15%22\"> partou skv\u011bl\u00fdch <\/span><\/span><span class=\"%22xmprfx_s2%22\"><span class=\"%22xmprfx_bumpedFont15%22\">a velice \u0161ikovn\u00fdch<\/span><\/span><span class=\"%22xmprfx_s2%22\"><span class=\"%22xmprfx_bumpedFont15%22\"> \u0159ezb\u00e1\u0159\u016f ze Zimbabwe. Nadchlo m\u011b, \u017ee spole\u010dn\u011b objevili zp\u016fsob, jak um\u011blecky zpracovat jinak <\/span><\/span><span class=\"%22xmprfx_s2%22\"><span class=\"%22xmprfx_bumpedFont15%22\">jen<\/span><\/span><span class=\"%22xmprfx_s2%22\"><span class=\"%22xmprfx_bumpedFont15%22\"> zt\u011b\u017e\u00ed vyu\u017eiteln\u00e9 p\u0159irozen\u011b odum\u0159el\u00e9 stromy<\/span><\/span><span class=\"%22xmprfx_s2%22\"><span class=\"%22xmprfx_bumpedFont15%22\">, vdechnout jim nov\u00fd \u017eivot a z\u00e1rove\u0148 vybudovat malou firmu, kter\u00e1 dok\u00e1\u017ee tyto unik\u00e1ty vyv\u00e9zt i za hranice Afriky a j\u00e1 je d\u00edky tomu mohu <\/span><\/span><span class=\"%22xmprfx_s2%22\"><span class=\"%22xmprfx_bumpedFont15%22\">nab\u00eddnout i v\u00e1m<\/span><\/span><span class=\"%22xmprfx_s2%22\"><span class=\"%22xmprfx_bumpedFont15%22\">.<\/span><\/span><\/p>\n<p>&#8220; content_last_edited=&#8220;off|desktop&#8220; _builder_version=&#8220;4.20.2&#8243; _module_preset=&#8220;default&#8220; text_font=&#8220;Open Sans||||||||&#8220; text_font_size=&#8220;18px&#8220; text_line_height=&#8220;1.9em&#8220; custom_margin=&#8220;41px||||false|false&#8220; custom_padding=&#8220;0px|||||&#8220; global_colors_info=&#8220;{}&#8220;]<\/p>\n<p>Lors d\u2019un de mes voyages, il m\u2019a pr\u00e9sent\u00e9 un groupe de talentueux sculpteurs du Zimbabwe, son pays d\u2019enfance. J\u2019ai \u00e9t\u00e9 \u00e9merveill\u00e9e par leur capacit\u00e9 \u00e0 transformer des arbres naturellement morts, autrement difficiles \u00e0 exploiter, en \u0153uvres d\u2019art uniques. Ensemble, ils ont cr\u00e9\u00e9 une petite entreprise capable d\u2019exporter l\u00e9galement ces pi\u00e8ces d\u2019exception hors d\u2019Afrique, me donnant ainsi l\u2019opportunit\u00e9 de vous les proposer.<\/p>\n<p>[\/et_pb_text][\/et_pb_column][\/et_pb_row][et_pb_row column_structure=&#8220;3_5,2_5&#8243; _builder_version=&#8220;4.20.2&#8243; _module_preset=&#8220;default&#8220; global_colors_info=&#8220;{}&#8220;][et_pb_column type=&#8220;3_5&#8243; _builder_version=&#8220;4.20.2&#8243; _module_preset=&#8220;default&#8220; global_colors_info=&#8220;{}&#8220;][et_pb_text content_tablet=&#8220;<\/p>\n<p style=\"%22text-align:\" justify;%22><span class=\"%22xmprfx_s2%22\"><span class=\"%22xmprfx_bumpedFont15%22\">Africk\u00e9 um\u011bn\u00ed m\u00e1m moc r\u00e1da a v\u011b\u0159\u00edm, \u017ee nejlep\u0161\u00ed zp\u016fsob, jak m\u00edstn\u00ed um\u011blce podpo\u0159it, je nakupovat p\u0159\u00edmo od tv\u016frc\u016f. Proto jsem <\/span><\/span><span class=\"%22xmprfx_s2%22\"><span class=\"%22xmprfx_bumpedFont15%22\">se <\/span><\/span><span class=\"%22xmprfx_s2%22\"><span class=\"%22xmprfx_bumpedFont15%22\">moc dlouho nerozm\u00fd\u0161lela, kdy\u017e jsem dostala p\u0159\u00edle\u017eitost v\u00fdrobky firmy sv\u00e9ho kamar\u00e1da dov\u00e1\u017eet. <\/span><\/span><\/p>\n<p><span class=\"%22xmprfx_s2%22\"><span class=\"%22xmprfx_bumpedFont15%22\">Jejich stoly a stolky jsou toti\u017e <\/span><\/span><a name=\"%22_GoBack%22\" data-et-target-link=\"%22_blank%22\" rel=\"%22noopener\" noreferrer%22><\/a><span class=\"%22xmprfx_s2%22\"><span class=\"%22xmprfx_bumpedFont15%22\">kr\u00e1sn\u00e9, autentick\u00e9 a kvalitn\u00ed, ale maj\u00ed i jednu p\u0159ednost nav\u00edc. <\/span><\/span><span class=\"%22xmprfx_s2%22\"><span class=\"%22xmprfx_bumpedFont15%22\">Jejich koup\u00ed \u010dlov\u011bk nez\u00edsk\u00e1 jen origin\u00e1ln\u00ed kousek do interi\u00e9ru, ale tak\u00e9 dobr\u00fd pocit, \u017ee podpo\u0159il <\/span><\/span><span class=\"%22xmprfx_s2%22\"><span class=\"%22xmprfx_bumpedFont15%22\">m\u00edstn\u00ed <\/span><\/span><span class=\"%22xmprfx_s2%22\"><span class=\"%22xmprfx_bumpedFont15%22\">\u0159emeslnou tradici, ohledupln\u00fd postoj k africk\u00e9 p\u0159\u00edrod\u011b a konkr\u00e9tn\u00ed \u0161ikovn\u00e9 lidi.<\/span><\/span><\/p>\n<p>&#8220; content_phone=&#8220;<\/p>\n<p style=\"%22text-align:\" left;%22><span class=\"%22xmprfx_s2%22\"><span class=\"%22xmprfx_bumpedFont15%22\">Africk\u00e9 um\u011bn\u00ed m\u00e1m moc r\u00e1da a v\u011b\u0159\u00edm, \u017ee nejlep\u0161\u00ed zp\u016fsob, jak m\u00edstn\u00ed um\u011blce podpo\u0159it, je nakupovat p\u0159\u00edmo od tv\u016frc\u016f. Proto jsem <\/span><\/span><span class=\"%22xmprfx_s2%22\"><span class=\"%22xmprfx_bumpedFont15%22\">se <\/span><\/span><span class=\"%22xmprfx_s2%22\"><span class=\"%22xmprfx_bumpedFont15%22\">moc dlouho nerozm\u00fd\u0161lela, kdy\u017e jsem dostala p\u0159\u00edle\u017eitost v\u00fdrobky firmy sv\u00e9ho kamar\u00e1da dov\u00e1\u017eet. <\/span><\/span><\/p>\n<p><span class=\"%22xmprfx_s2%22\"><span class=\"%22xmprfx_bumpedFont15%22\">Jejich stoly a stolky jsou toti\u017e <\/span><\/span><a name=\"%22_GoBack%22\" data-et-target-link=\"%22_blank%22\" rel=\"%22noopener\" noreferrer%22><\/a><span class=\"%22xmprfx_s2%22\"><span class=\"%22xmprfx_bumpedFont15%22\">kr\u00e1sn\u00e9, autentick\u00e9 a kvalitn\u00ed, ale maj\u00ed i jednu p\u0159ednost nav\u00edc. <\/span><\/span><span class=\"%22xmprfx_s2%22\"><span class=\"%22xmprfx_bumpedFont15%22\">Jejich koup\u00ed \u010dlov\u011bk nez\u00edsk\u00e1 jen origin\u00e1ln\u00ed kousek do interi\u00e9ru, ale tak\u00e9 dobr\u00fd pocit, \u017ee podpo\u0159il <\/span><\/span><span class=\"%22xmprfx_s2%22\"><span class=\"%22xmprfx_bumpedFont15%22\">m\u00edstn\u00ed <\/span><\/span><span class=\"%22xmprfx_s2%22\"><span class=\"%22xmprfx_bumpedFont15%22\">\u0159emeslnou tradici, ohledupln\u00fd postoj k africk\u00e9 p\u0159\u00edrod\u011b a konkr\u00e9tn\u00ed \u0161ikovn\u00e9 lidi.<\/span><\/span><\/p>\n<p>&#8220; content_last_edited=&#8220;off|desktop&#8220; _builder_version=&#8220;4.20.2&#8243; _module_preset=&#8220;default&#8220; text_font=&#8220;Open Sans||||||||&#8220; text_font_size=&#8220;18px&#8220; text_line_height=&#8220;1.9em&#8220; custom_margin=&#8220;72px||||false|false&#8220; global_colors_info=&#8220;{}&#8220;]<\/p>\n<p>J\u2019aime profond\u00e9ment l\u2019art africain et je suis convaincue que le meilleur moyen de soutenir les artisans locaux est d\u2019acheter directement aupr\u00e8s d\u2019eux. C\u2019est pourquoi, lorsque l\u2019occasion s\u2019est pr\u00e9sent\u00e9e d\u2019importer les cr\u00e9ations de l\u2019entreprise de mon ami, je n\u2019ai pas h\u00e9sit\u00e9 longtemps.<\/p>\n<p>Leurs tables et gu\u00e9ridons ne sont pas seulement magnifiques, authentiques et de grande qualit\u00e9 ; elles ont aussi une valeur ajout\u00e9e unique. En en faisant l\u2019acquisition, vous obtenez une pi\u00e8ce originale et fonctionnelle impr\u00e9gn\u00e9e de l\u2019\u00e2me de l\u2019Afrique, tout en soutenant un artisanat local, une approche respectueuse de la nature africaine et des artisans talentueux.<\/p>\n<p>[\/et_pb_text][\/et_pb_column][et_pb_column type=&#8220;2_5&#8243; _builder_version=&#8220;4.20.2&#8243; _module_preset=&#8220;default&#8220; global_colors_info=&#8220;{}&#8220;][et_pb_image src=&#8220;https:\/\/woodenuniques.com\/wp-content\/uploads\/2023\/04\/Vystrihnout-Majku-_-.jpg&#8220; title_text=&#8220;Vystr\u030cihnout-Majku-_-)&#8220; _builder_version=&#8220;4.20.2&#8243; _module_preset=&#8220;default&#8220; global_colors_info=&#8220;{}&#8220;][\/et_pb_image][\/et_pb_column][\/et_pb_row][et_pb_row column_structure=&#8220;1_4,1_4,1_4,1_4&#8243; _builder_version=&#8220;4.20.2&#8243; _module_preset=&#8220;default&#8220; global_colors_info=&#8220;{}&#8220;][et_pb_column type=&#8220;1_4&#8243; _builder_version=&#8220;4.20.2&#8243; _module_preset=&#8220;default&#8220; global_colors_info=&#8220;{}&#8220;][et_pb_image src=&#8220;https:\/\/woodenuniques.com\/wp-content\/uploads\/2024\/12\/Plakat-A3_Marketing.png&#8220; title_text=&#8220;Plaka\u0301t A3_Marketing&#8220; show_in_lightbox=&#8220;on&#8220; _builder_version=&#8220;4.20.2&#8243; _module_preset=&#8220;default&#8220; max_width=&#8220;61%&#8220; hover_enabled=&#8220;0&#8243; global_colors_info=&#8220;{}&#8220; sticky_enabled=&#8220;0&#8243; align=&#8220;center&#8220;][\/et_pb_image][\/et_pb_column][et_pb_column type=&#8220;1_4&#8243; _builder_version=&#8220;4.20.2&#8243; _module_preset=&#8220;default&#8220; global_colors_info=&#8220;{}&#8220;][et_pb_image src=&#8220;https:\/\/woodenuniques.com\/wp-content\/uploads\/2025\/07\/Plakat_povinne_publicity.png&#8220; title_text=&#8220;Plakat_povinne_publicity&#8220; show_in_lightbox=&#8220;on&#8220; _builder_version=&#8220;4.20.2&#8243; _module_preset=&#8220;default&#8220; hover_enabled=&#8220;0&#8243; global_colors_info=&#8220;{}&#8220; align=&#8220;center&#8220; sticky_enabled=&#8220;0&#8243;][\/et_pb_image][\/et_pb_column][et_pb_column type=&#8220;1_4&#8243; _builder_version=&#8220;4.20.2&#8243; _module_preset=&#8220;default&#8220; global_colors_info=&#8220;{}&#8220;][et_pb_image src=&#8220;https:\/\/woodenuniques.com\/wp-content\/uploads\/2025\/07\/Plakat-A3.png&#8220; _builder_version=&#8220;4.20.2&#8243; _module_preset=&#8220;default&#8220; title_text=&#8220;Plak\u00e1t A3&#8243; max_height=&#8220;1000px&#8220; show_in_lightbox=&#8220;on&#8220; hover_enabled=&#8220;0&#8243; sticky_enabled=&#8220;0&#8243; max_width=&#8220;61%&#8220; align=&#8220;center&#8220;][\/et_pb_image][\/et_pb_column][et_pb_column type=&#8220;1_4&#8243; _builder_version=&#8220;4.20.2&#8243; _module_preset=&#8220;default&#8220; global_colors_info=&#8220;{}&#8220;][\/et_pb_column][\/et_pb_row][\/et_pb_section]<\/p>","protected":false},"excerpt":{"rendered":"<p>n\u00e1\u0161 p\u0159\u00edb\u011bhJmenuji se Veronika. N\u00e1pad zalo\u017eit Wooden Uniques a dov\u00e1\u017eet do Evropy ru\u010dn\u011b vy\u0159ez\u00e1van\u00fd n\u00e1bytek vznikl d\u00edky m\u00e9 cestovatelsk\u00e9 v\u00e1\u0161ni, l\u00e1sce k Africe a tak\u00e9 d\u00edky p\u0159\u00e1telstv\u00ed. U\u017e p\u0159ed lety jsem se za studi\u00ed ve Spojen\u00fdch st\u00e1tech sp\u0159\u00e1telila s mil\u00fdm Jihoafri\u010danem, kter\u00e9ho jsem p\u00e1rkr\u00e1t nav\u0161t\u00edvila a d\u00edky tomu mohla l\u00e9pe poznat kontinent, kter\u00fd m\u011b odjak\u017eiva [&hellip;]<\/p>","protected":false},"author":1,"featured_media":0,"parent":0,"menu_order":0,"comment_status":"closed","ping_status":"closed","template":"","meta":{"_et_pb_use_builder":"on","_et_pb_old_content":"","_et_gb_content_width":"","footnotes":""},"class_list":["post-186","page","type-page","status-publish","hentry"],"yoast_head":"<!-- This site is optimized with the Yoast SEO plugin v26.0 - https:\/\/yoast.com\/wordpress\/plugins\/seo\/ -->\n<title>N\u00e1\u0161 P\u0159\u00edb\u011bh - Wooden Uniques<\/title>\n<meta name=\"description\" content=\"N\u00e1\u0161 P\u0159\u00edb\u011bh Wooden Uniques\" \/>\n<meta name=\"robots\" content=\"index, follow, max-snippet:-1, max-image-preview:large, max-video-preview:-1\" \/>\n<link rel=\"canonical\" href=\"https:\/\/woodenuniques.com\/fr\/nas_pribeh\/\" \/>\n<meta property=\"og:locale\" content=\"fr_FR\" \/>\n<meta property=\"og:type\" content=\"article\" \/>\n<meta property=\"og:title\" content=\"N\u00e1\u0161 P\u0159\u00edb\u011bh - Wooden Uniques\" \/>\n<meta property=\"og:description\" content=\"N\u00e1\u0161 P\u0159\u00edb\u011bh Wooden Uniques\" \/>\n<meta property=\"og:url\" content=\"https:\/\/woodenuniques.com\/fr\/nas_pribeh\/\" \/>\n<meta property=\"og:site_name\" content=\"Wooden Uniques\" \/>\n<meta property=\"article:modified_time\" content=\"2025-07-29T07:34:35+00:00\" \/>\n<meta property=\"og:image\" content=\"https:\/\/i0.wp.com\/woodenuniques.com\/wp-content\/uploads\/2023\/05\/Snimek-obrazovky-2023-05-17-v-21.04.38.png?fit=1997%2C1160&ssl=1\" \/>\n\t<meta property=\"og:image:width\" content=\"1997\" \/>\n\t<meta property=\"og:image:height\" content=\"1160\" \/>\n\t<meta property=\"og:image:type\" content=\"image\/png\" \/>\n<meta name=\"twitter:card\" content=\"summary_large_image\" \/>\n<meta name=\"twitter:label1\" content=\"Dur\u00e9e de lecture estim\u00e9e\" \/>\n\t<meta name=\"twitter:data1\" content=\"7 minutes\" \/>\n<script type=\"application\/ld+json\" class=\"yoast-schema-graph\">{\"@context\":\"https:\/\/schema.org\",\"@graph\":[{\"@type\":\"WebPage\",\"@id\":\"https:\/\/woodenuniques.com\/nas_pribeh\/\",\"url\":\"https:\/\/woodenuniques.com\/nas_pribeh\/\",\"name\":\"N\u00e1\u0161 P\u0159\u00edb\u011bh - Wooden Uniques\",\"isPartOf\":{\"@id\":\"https:\/\/woodenuniques.com\/#website\"},\"datePublished\":\"2023-03-14T20:53:23+00:00\",\"dateModified\":\"2025-07-29T07:34:35+00:00\",\"description\":\"N\u00e1\u0161 P\u0159\u00edb\u011bh Wooden Uniques\",\"breadcrumb\":{\"@id\":\"https:\/\/woodenuniques.com\/nas_pribeh\/#breadcrumb\"},\"inLanguage\":\"fr-FR\",\"potentialAction\":[{\"@type\":\"ReadAction\",\"target\":[\"https:\/\/woodenuniques.com\/nas_pribeh\/\"]}]},{\"@type\":\"BreadcrumbList\",\"@id\":\"https:\/\/woodenuniques.com\/nas_pribeh\/#breadcrumb\",\"itemListElement\":[{\"@type\":\"ListItem\",\"position\":1,\"name\":\"Dom\u016f\",\"item\":\"https:\/\/woodenuniques.com\/\"},{\"@type\":\"ListItem\",\"position\":2,\"name\":\"N\u00e1\u0161 P\u0159\u00edb\u011bh\"}]},{\"@type\":\"WebSite\",\"@id\":\"https:\/\/woodenuniques.com\/#website\",\"url\":\"https:\/\/woodenuniques.com\/\",\"name\":\"Wooden Uniques\",\"description\":\"Podmaniv\u00e1 Afrika pro V\u00e1\u0161 unik\u00e1tn\u00ed domov.\",\"publisher\":{\"@id\":\"https:\/\/woodenuniques.com\/#organization\"},\"alternateName\":\"WoodenUniques\",\"potentialAction\":[{\"@type\":\"SearchAction\",\"target\":{\"@type\":\"EntryPoint\",\"urlTemplate\":\"https:\/\/woodenuniques.com\/?s={search_term_string}\"},\"query-input\":{\"@type\":\"PropertyValueSpecification\",\"valueRequired\":true,\"valueName\":\"search_term_string\"}}],\"inLanguage\":\"fr-FR\"},{\"@type\":\"Organization\",\"@id\":\"https:\/\/woodenuniques.com\/#organization\",\"name\":\"Wooden Uniques\",\"alternateName\":\"Woodenuniques\",\"url\":\"https:\/\/woodenuniques.com\/\",\"logo\":{\"@type\":\"ImageObject\",\"inLanguage\":\"fr-FR\",\"@id\":\"https:\/\/woodenuniques.com\/#\/schema\/logo\/image\/\",\"url\":\"https:\/\/i0.wp.com\/woodenuniques.com\/wp-content\/uploads\/2023\/04\/logo-nove@4x.png?fit=9201%2C4277&ssl=1\",\"contentUrl\":\"https:\/\/i0.wp.com\/woodenuniques.com\/wp-content\/uploads\/2023\/04\/logo-nove@4x.png?fit=9201%2C4277&ssl=1\",\"width\":9201,\"height\":4277,\"caption\":\"Wooden Uniques\"},\"image\":{\"@id\":\"https:\/\/woodenuniques.com\/#\/schema\/logo\/image\/\"},\"sameAs\":[\"https:\/\/www.instagram.com\/woodenuniques\/\"]}]}<\/script>\n<!-- \/ Yoast SEO plugin. -->","yoast_head_json":{"title":"N\u00e1\u0161 P\u0159\u00edb\u011bh - Wooden Uniques","description":"N\u00e1\u0161 P\u0159\u00edb\u011bh Wooden Uniques","robots":{"index":"index","follow":"follow","max-snippet":"max-snippet:-1","max-image-preview":"max-image-preview:large","max-video-preview":"max-video-preview:-1"},"canonical":"https:\/\/woodenuniques.com\/fr\/nas_pribeh\/","og_locale":"fr_FR","og_type":"article","og_title":"N\u00e1\u0161 P\u0159\u00edb\u011bh - Wooden Uniques","og_description":"N\u00e1\u0161 P\u0159\u00edb\u011bh Wooden Uniques","og_url":"https:\/\/woodenuniques.com\/fr\/nas_pribeh\/","og_site_name":"Wooden Uniques","article_modified_time":"2025-07-29T07:34:35+00:00","og_image":[{"width":1997,"height":1160,"url":"https:\/\/i0.wp.com\/woodenuniques.com\/wp-content\/uploads\/2023\/05\/Snimek-obrazovky-2023-05-17-v-21.04.38.png?fit=1997%2C1160&ssl=1","type":"image\/png"}],"twitter_card":"summary_large_image","twitter_misc":{"Dur\u00e9e de lecture estim\u00e9e":"7 minutes"},"schema":{"@context":"https:\/\/schema.org","@graph":[{"@type":"WebPage","@id":"https:\/\/woodenuniques.com\/nas_pribeh\/","url":"https:\/\/woodenuniques.com\/nas_pribeh\/","name":"N\u00e1\u0161 P\u0159\u00edb\u011bh - Wooden Uniques","isPartOf":{"@id":"https:\/\/woodenuniques.com\/#website"},"datePublished":"2023-03-14T20:53:23+00:00","dateModified":"2025-07-29T07:34:35+00:00","description":"N\u00e1\u0161 P\u0159\u00edb\u011bh Wooden Uniques","breadcrumb":{"@id":"https:\/\/woodenuniques.com\/nas_pribeh\/#breadcrumb"},"inLanguage":"fr-FR","potentialAction":[{"@type":"ReadAction","target":["https:\/\/woodenuniques.com\/nas_pribeh\/"]}]},{"@type":"BreadcrumbList","@id":"https:\/\/woodenuniques.com\/nas_pribeh\/#breadcrumb","itemListElement":[{"@type":"ListItem","position":1,"name":"Dom\u016f","item":"https:\/\/woodenuniques.com\/"},{"@type":"ListItem","position":2,"name":"N\u00e1\u0161 P\u0159\u00edb\u011bh"}]},{"@type":"WebSite","@id":"https:\/\/woodenuniques.com\/#website","url":"https:\/\/woodenuniques.com\/","name":"Wooden Uniques","description":"Podmaniv\u00e1 Afrika pro V\u00e1\u0161 unik\u00e1tn\u00ed domov.","publisher":{"@id":"https:\/\/woodenuniques.com\/#organization"},"alternateName":"WoodenUniques","potentialAction":[{"@type":"SearchAction","target":{"@type":"EntryPoint","urlTemplate":"https:\/\/woodenuniques.com\/?s={search_term_string}"},"query-input":{"@type":"PropertyValueSpecification","valueRequired":true,"valueName":"search_term_string"}}],"inLanguage":"fr-FR"},{"@type":"Organization","@id":"https:\/\/woodenuniques.com\/#organization","name":"Wooden Uniques","alternateName":"Woodenuniques","url":"https:\/\/woodenuniques.com\/","logo":{"@type":"ImageObject","inLanguage":"fr-FR","@id":"https:\/\/woodenuniques.com\/#\/schema\/logo\/image\/","url":"https:\/\/i0.wp.com\/woodenuniques.com\/wp-content\/uploads\/2023\/04\/logo-nove@4x.png?fit=9201%2C4277&ssl=1","contentUrl":"https:\/\/i0.wp.com\/woodenuniques.com\/wp-content\/uploads\/2023\/04\/logo-nove@4x.png?fit=9201%2C4277&ssl=1","width":9201,"height":4277,"caption":"Wooden Uniques"},"image":{"@id":"https:\/\/woodenuniques.com\/#\/schema\/logo\/image\/"},"sameAs":["https:\/\/www.instagram.com\/woodenuniques\/"]}]}},"jetpack-related-posts":[],"jetpack_sharing_enabled":true,"_links":{"self":[{"href":"https:\/\/woodenuniques.com\/fr\/wp-json\/wp\/v2\/pages\/186","targetHints":{"allow":["GET"]}}],"collection":[{"href":"https:\/\/woodenuniques.com\/fr\/wp-json\/wp\/v2\/pages"}],"about":[{"href":"https:\/\/woodenuniques.com\/fr\/wp-json\/wp\/v2\/types\/page"}],"author":[{"embeddable":true,"href":"https:\/\/woodenuniques.com\/fr\/wp-json\/wp\/v2\/users\/1"}],"replies":[{"embeddable":true,"href":"https:\/\/woodenuniques.com\/fr\/wp-json\/wp\/v2\/comments?post=186"}],"version-history":[{"count":20,"href":"https:\/\/woodenuniques.com\/fr\/wp-json\/wp\/v2\/pages\/186\/revisions"}],"predecessor-version":[{"id":1287,"href":"https:\/\/woodenuniques.com\/fr\/wp-json\/wp\/v2\/pages\/186\/revisions\/1287"}],"wp:attachment":[{"href":"https:\/\/woodenuniques.com\/fr\/wp-json\/wp\/v2\/media?parent=186"}],"curies":[{"name":"wp","href":"https:\/\/api.w.org\/{rel}","templated":true}]}}