{"id":736,"date":"2023-04-26T18:24:12","date_gmt":"2023-04-26T18:24:12","guid":{"rendered":"https:\/\/woodenuniques.com\/?page_id=736"},"modified":"2024-02-05T17:20:11","modified_gmt":"2024-02-05T17:20:11","slug":"the_lord_of_the_rings","status":"publish","type":"page","link":"https:\/\/woodenuniques.com\/en\/vyrezavane-stoly\/the_lord_of_the_rings\/","title":{"rendered":"The Lord of the Rings"},"content":{"rendered":"<p>[et_pb_section fb_built=&#8220;1&#8243; fullwidth=&#8220;on&#8220; _builder_version=&#8220;4.20.2&#8243; _module_preset=&#8220;default&#8220; global_colors_info=&#8220;{}&#8220;][et_pb_fullwidth_header title=&#8220;The Lord of the Rings&#8220; subhead=&#8220;druh d\u0159eva: Leadwood&#8220; content_max_width=&#8220;50%&#8220; background_overlay_color_tablet=&#8220;&#8220; background_overlay_color_phone=&#8220;rgba(255,255,255,0.67)&#8220; background_overlay_color_last_edited=&#8220;on|phone&#8220; content_tablet=&#8220;<\/p>\n<div>\n<div>\n<p>This ring came from a fallen tree that was flowed down the Limpopo River. The tree was expected to be cut into lumber but an error in sawing, prevented this from happening, and the remaining valuable piece of wood was salvaged instead of being made into charcoal.<\/p>\n<\/div>\n<\/div>\n<p>&#8220; content_phone=&#8220;<\/p>\n<p>This ring came from a fallen tree that was flowed down the Limpopo River. The tree was expected to be cut into lumber but an error in sawing, prevented this from happening, and the remaining valuable piece of wood was salvaged instead of being made into charcoal.<\/p>\n<p>&#8220; content_last_edited=&#8220;off|desktop&#8220; content_max_width_tablet=&#8220;57%&#8220; content_max_width_phone=&#8220;100%&#8220; content_max_width_last_edited=&#8220;on|phone&#8220; _builder_version=&#8220;4.20.2&#8243; _module_preset=&#8220;default&#8220; title_font=&#8220;Open Sans|800|||||||&#8220; title_text_color=&#8220;#000000&#8243; title_font_size=&#8220;45px&#8220; content_font=&#8220;Open Sans|300|||||||&#8220; content_text_color=&#8220;#000000&#8243; content_font_size=&#8220;18px&#8220; subhead_font=&#8220;Open Sans||||||||&#8220; subhead_text_color=&#8220;#000000&#8243; subhead_font_size=&#8220;20px&#8220; background_enable_color=&#8220;off&#8220; background_image=&#8220;https:\/\/woodenuniques.com\/wp-content\/uploads\/2023\/04\/smugglers-ring-D1-50-scaled.jpg&#8220; background_size=&#8220;custom&#8220; background_image_width=&#8220;24%&#8220; background_image_height=&#8220;0%&#8220; background_position=&#8220;center_right&#8220; background_horizontal_offset=&#8220;29%&#8220; min_height=&#8220;442px&#8220; min_height_tablet=&#8220;332px&#8220; min_height_phone=&#8220;332px&#8220; min_height_last_edited=&#8220;on|desktop&#8220; max_height=&#8220;560px&#8220; custom_margin_tablet=&#8220;&#8220; custom_margin_phone=&#8220;||-20px||false|false&#8220; custom_margin_last_edited=&#8220;on|phone&#8220; custom_padding_tablet=&#8220;&#8220; custom_padding_phone=&#8220;0px||||false|false&#8220; custom_padding_last_edited=&#8220;on|phone&#8220; background_last_edited=&#8220;on|tablet&#8220; background_size_phone=&#8220;custom&#8220; background_image_width_tablet=&#8220;42%&#8220; background_image_width_phone=&#8220;79%&#8220; background_position_tablet=&#8220;center_right&#8220; background_horizontal_offset_tablet=&#8220;7%&#8220; border_color_all_image=&#8220;RGBA(255,255,255,0)&#8220; global_colors_info=&#8220;{}&#8220;]<\/p>\n<div style=\"text-align: justify;\"><\/div>\n<div style=\"text-align: justify;\">\n<p>This ring came from a fallen tree that was flowed down the Limpopo River. The tree was expected to be cut into lumber but an error in sawing, prevented this from happening, and the remaining valuable piece of wood was salvaged instead of being made into charcoal.<\/p>\n<\/div>\n<p>[\/et_pb_fullwidth_header][\/et_pb_section][et_pb_section fb_built=&#8220;1&#8243; custom_padding_last_edited=&#8220;on|phone&#8220; _builder_version=&#8220;4.20.2&#8243; _module_preset=&#8220;default&#8220; custom_margin_tablet=&#8220;&#8220; custom_margin_phone=&#8220;0px||||false|false&#8220; custom_margin_last_edited=&#8220;on|phone&#8220; custom_padding_tablet=&#8220;&#8220; custom_padding_phone=&#8220;0px||0px||false|false&#8220; global_colors_info=&#8220;{}&#8220;][et_pb_row _builder_version=&#8220;4.20.2&#8243; _module_preset=&#8220;default&#8220; custom_margin=&#8220;-14px|auto||auto||&#8220; global_colors_info=&#8220;{}&#8220;][et_pb_column type=&#8220;4_4&#8243; _builder_version=&#8220;4.20.2&#8243; _module_preset=&#8220;default&#8220; global_colors_info=&#8220;{}&#8220;][et_pb_text _builder_version=&#8220;4.20.2&#8243; _module_preset=&#8220;default&#8220; text_font=&#8220;Open Sans|300|||||||&#8220; text_text_color=&#8220;#000000&#8243; text_font_size=&#8220;20px&#8220; text_orientation=&#8220;center&#8220; global_colors_info=&#8220;{}&#8220;]<\/p>\n<p>Unique hand carved table made of rare leadwood type wood.<\/p>\n<p>[\/et_pb_text][\/et_pb_column][\/et_pb_row][et_pb_row column_structure=&#8220;3_5,2_5&#8243; make_equal=&#8220;on&#8220; _builder_version=&#8220;4.20.2&#8243; _module_preset=&#8220;default&#8220; global_colors_info=&#8220;{}&#8220;][et_pb_column type=&#8220;3_5&#8243; _builder_version=&#8220;4.20.2&#8243; _module_preset=&#8220;default&#8220; global_colors_info=&#8220;{}&#8220;][et_pb_image src=&#8220;https:\/\/woodenuniques.com\/wp-content\/uploads\/2023\/04\/smugglers-ring-D5-50.jpg&#8220; title_text=&#8220;lord of the rings 2&#8243; _builder_version=&#8220;4.20.2&#8243; _module_preset=&#8220;default&#8220; global_colors_info=&#8220;{}&#8220;][\/et_pb_image][\/et_pb_column][et_pb_column type=&#8220;2_5&#8243; _builder_version=&#8220;4.20.2&#8243; _module_preset=&#8220;default&#8220; global_colors_info=&#8220;{}&#8220;][et_pb_text _builder_version=&#8220;4.20.2&#8243; _module_preset=&#8220;default&#8220; text_font=&#8220;Open Sans|300||on|||||&#8220; text_text_color=&#8220;#000000&#8243; text_font_size=&#8220;23px&#8220; text_line_height=&#8220;1em&#8220; min_height=&#8220;95px&#8220; custom_margin=&#8220;90px|||||&#8220; custom_margin_tablet=&#8220;90px|||||&#8220; custom_margin_phone=&#8220;0px||||false|false&#8220; custom_margin_last_edited=&#8220;on|phone&#8220; custom_padding=&#8220;0px|||||&#8220; global_colors_info=&#8220;{}&#8220;]<\/p>\n<p style=\"text-align: left;\"><strong>Length: <\/strong>115 cm<\/p>\n<p style=\"text-align: left;\"><strong>Width:<\/strong> 100 cm<\/p>\n<p style=\"text-align: left;\"><strong>Height:<\/strong> 25 cm<\/p>\n<p style=\"text-align: left;\">[\/et_pb_text][\/et_pb_column][\/et_pb_row][et_pb_row column_structure=&#8220;1_3,2_3&#8243; make_equal=&#8220;on&#8220; _builder_version=&#8220;4.20.2&#8243; _module_preset=&#8220;default&#8220; global_colors_info=&#8220;{}&#8220;][et_pb_column type=&#8220;1_3&#8243; _builder_version=&#8220;4.20.2&#8243; _module_preset=&#8220;default&#8220; global_colors_info=&#8220;{}&#8220;][et_pb_text _builder_version=&#8220;4.20.2&#8243; _module_preset=&#8220;default&#8220; text_font=&#8220;Open Sans|300||on|||||&#8220; text_text_color=&#8220;#000000&#8243; text_font_size=&#8220;23px&#8220; text_line_height=&#8220;1em&#8220; min_height=&#8220;95px&#8220; custom_margin=&#8220;90px|||||&#8220; custom_margin_tablet=&#8220;90px|||||&#8220; custom_margin_phone=&#8220;0px||||false|false&#8220; custom_margin_last_edited=&#8220;on|phone&#8220; global_colors_info=&#8220;{}&#8220;]<\/p>\n<p style=\"text-align: left;\"><strong>Weight:<\/strong> 168 Kg<\/p>\n<p style=\"text-align: left;\"><strong>Age estimation:<\/strong> cca 500 years<\/p>\n<p>[\/et_pb_text][\/et_pb_column][et_pb_column type=&#8220;2_3&#8243; _builder_version=&#8220;4.20.2&#8243; _module_preset=&#8220;default&#8220; global_colors_info=&#8220;{}&#8220;][et_pb_video src=&#8220;https:\/\/woodenuniques.com\/wp-content\/uploads\/2023\/04\/smugglers-ring.mp4&#8243; _builder_version=&#8220;4.20.2&#8243; _module_preset=&#8220;default&#8220; global_colors_info=&#8220;{}&#8220;][\/et_pb_video][\/et_pb_column][\/et_pb_row][et_pb_row disabled_on=&#8220;on|off|off&#8220; _builder_version=&#8220;4.20.2&#8243; _module_preset=&#8220;default&#8220; global_colors_info=&#8220;{}&#8220;][et_pb_column type=&#8220;4_4&#8243; _builder_version=&#8220;4.20.2&#8243; _module_preset=&#8220;default&#8220; global_colors_info=&#8220;{}&#8220;][et_pb_gallery gallery_ids=&#8220;720,722,719,721&#8243; gallery_orderby=&#8220;rand&#8220; orientation=&#8220;portrait&#8220; show_title_and_caption=&#8220;off&#8220; _builder_version=&#8220;4.20.2&#8243; _module_preset=&#8220;default&#8220; global_colors_info=&#8220;{}&#8220;][\/et_pb_gallery][\/et_pb_column][\/et_pb_row][et_pb_row disabled_on=&#8220;off|off|on&#8220; _builder_version=&#8220;4.20.2&#8243; _module_preset=&#8220;default&#8220; global_colors_info=&#8220;{}&#8220;][et_pb_column type=&#8220;4_4&#8243; _builder_version=&#8220;4.20.2&#8243; _module_preset=&#8220;default&#8220; global_colors_info=&#8220;{}&#8220;][et_pb_gallery gallery_ids=&#8220;722,721,720,719&#8243; gallery_orderby=&#8220;rand&#8220; posts_number=&#8220;1&#8243; orientation=&#8220;portrait&#8220; show_title_and_caption=&#8220;off&#8220; _builder_version=&#8220;4.20.2&#8243; _module_preset=&#8220;default&#8220; global_colors_info=&#8220;{}&#8220;][\/et_pb_gallery][\/et_pb_column][\/et_pb_row][\/et_pb_section][et_pb_section fb_built=&#8220;1&#8243; theme_builder_area=&#8220;post_content&#8220; _builder_version=&#8220;4.20.2&#8243; _module_preset=&#8220;default&#8220;][et_pb_row _builder_version=&#8220;4.20.2&#8243; _module_preset=&#8220;default&#8220; theme_builder_area=&#8220;post_content&#8220;][et_pb_column _builder_version=&#8220;4.20.2&#8243; _module_preset=&#8220;default&#8220; type=&#8220;4_4&#8243; theme_builder_area=&#8220;post_content&#8220;][et_pb_menu _builder_version=&#8220;4.20.2&#8243; _module_preset=&#8220;default&#8220; theme_builder_area=&#8220;post_content&#8220; menu_id=&#8220;27&#8243; hover_enabled=&#8220;0&#8243; sticky_enabled=&#8220;0&#8243;][\/et_pb_menu][\/et_pb_column][\/et_pb_row][\/et_pb_section][et_pb_section fb_built=&#8220;1&#8243; fullwidth=&#8220;on&#8220; _builder_version=&#8220;4.20.2&#8243; _module_preset=&#8220;default&#8220; global_colors_info=&#8220;{}&#8220;][et_pb_fullwidth_header title=&#8220;M\u00e1tej z\u00e1jem o tento st\u016fl?&#8220; subhead=&#8220;Specialista &#8220; button_one_text=&#8220;Kontaktovat&#8220; button_one_url=&#8220;mailto:veronika@woodenuniques.com&#8220; header_image_url=&#8220;https:\/\/woodenuniques.com\/wp-content\/uploads\/2023\/04\/WU_IG_small.png&#8220; header_image_url_tablet=&#8220;https:\/\/woodenuniques.com\/wp-content\/uploads\/2023\/04\/WU_IG_small.png&#8220; header_image_url_phone=&#8220;&#8220; header_image_url_last_edited=&#8220;on|phone&#8220; _builder_version=&#8220;4.20.2&#8243; _module_preset=&#8220;default&#8220; title_font=&#8220;|800||on|||||&#8220; title_text_color=&#8220;#000000&#8243; title_line_height=&#8220;1.2em&#8220; content_font=&#8220;Open Sans|300||on|||||&#8220; content_text_color=&#8220;#000000&#8243; content_font_size=&#8220;18px&#8220; content_line_height=&#8220;1.4em&#8220; subhead_font=&#8220;Open Sans|600||on|||||&#8220; subhead_text_color=&#8220;#000000&#8243; subhead_font_size=&#8220;23px&#8220; subhead_line_height=&#8220;1.7em&#8220; background_color=&#8220;RGBA(255,255,255,0)&#8220; custom_button_one=&#8220;on&#8220; button_one_text_color=&#8220;#ffffff&#8220; button_one_bg_color=&#8220;#422918&#8243; button_one_border_width=&#8220;0px&#8220; button_one_border_color=&#8220;RGBA(255,255,255,0)&#8220; button_one_border_radius=&#8220;18px&#8220; button_one_font=&#8220;Open Sans|800||on|||||&#8220; button_one_icon=&#8220;&#xe010;||divi||400&#8243; custom_padding=&#8220;0px||||false|false&#8220; global_colors_info=&#8220;{}&#8220;]<\/p>\n<p>Veronika Hartov\u00e1<\/p>\n<p>tel.: +420 775 243 657 (CZ\/EN)<\/p>\n<p>[\/et_pb_fullwidth_header][\/et_pb_section][et_pb_section fb_built=&#8220;1&#8243; _builder_version=&#8220;4.20.2&#8243; _module_preset=&#8220;default&#8220; custom_margin_tablet=&#8220;&#8220; custom_margin_phone=&#8220;-3px||||false|false&#8220; custom_margin_last_edited=&#8220;on|phone&#8220; custom_padding=&#8220;0px||0px||false|false&#8220; global_colors_info=&#8220;{}&#8220;][\/et_pb_section]<\/p>","protected":false},"excerpt":{"rendered":"<p>Tento kruh byl u\u0159ez\u00e1n z ulomen\u00e9ho kmene, kter\u00fd p\u0159inesla \u0159eka Limpopo. Ulomen\u00e1 \u010d\u00e1st se od\u0159ezala, aby zbytek rovn\u00e9ho kmene mohl b\u00fdt pou\u017eit na \u0159ezivo. D\u011bln\u00edci v\u0161ak s odlomenou \u010d\u00e1st\u00ed od\u0159ezali p\u0159\u00edli\u0161 mnoho ze zb\u00fdvaj\u00edc\u00edho kmene, a tak tento prstenec byla vlastn\u011b z\u00e1chrana cenn\u00e9 \u010d\u00e1sti, kter\u00e1 by jinak skon\u010dila jako d\u0159ev\u011bn\u00e9 uhl\u00ed. Unik\u00e1tn\u00ed ru\u010dn\u011b vy\u0159ez\u00e1van\u00fd st\u016fl [&hellip;]<\/p>","protected":false},"author":1,"featured_media":0,"parent":190,"menu_order":0,"comment_status":"closed","ping_status":"closed","template":"","meta":{"_et_pb_use_builder":"on","_et_pb_old_content":"","_et_gb_content_width":"","footnotes":""},"class_list":["post-736","page","type-page","status-publish","hentry"],"yoast_head":"<!-- This site is optimized with the Yoast SEO plugin v26.0 - https:\/\/yoast.com\/wordpress\/plugins\/seo\/ -->\n<title>The Lord of the Rings - Wooden Uniques<\/title>\n<meta name=\"description\" content=\"The Lord of the Rings Wooden Uniques\" \/>\n<meta name=\"robots\" content=\"index, follow, max-snippet:-1, max-image-preview:large, max-video-preview:-1\" \/>\n<link rel=\"canonical\" href=\"https:\/\/woodenuniques.com\/en\/vyrezavane-stoly\/the_lord_of_the_rings\/\" \/>\n<meta property=\"og:locale\" content=\"en_US\" \/>\n<meta property=\"og:type\" content=\"article\" \/>\n<meta property=\"og:title\" content=\"The Lord of the Rings - Wooden Uniques\" \/>\n<meta property=\"og:description\" content=\"The Lord of the Rings Wooden Uniques\" \/>\n<meta property=\"og:url\" content=\"https:\/\/woodenuniques.com\/en\/vyrezavane-stoly\/the_lord_of_the_rings\/\" \/>\n<meta property=\"og:site_name\" content=\"Wooden Uniques\" \/>\n<meta property=\"article:modified_time\" content=\"2024-02-05T17:20:11+00:00\" \/>\n<meta property=\"og:image\" content=\"https:\/\/i0.wp.com\/woodenuniques.com\/wp-content\/uploads\/2023\/05\/Snimek-obrazovky-2023-05-17-v-21.04.38.png?fit=1997%2C1160&ssl=1\" \/>\n\t<meta property=\"og:image:width\" content=\"1997\" \/>\n\t<meta property=\"og:image:height\" content=\"1160\" \/>\n\t<meta property=\"og:image:type\" content=\"image\/png\" \/>\n<meta name=\"twitter:card\" content=\"summary_large_image\" \/>\n<meta name=\"twitter:label1\" content=\"Est. reading time\" \/>\n\t<meta name=\"twitter:data1\" content=\"6 minutes\" \/>\n<script type=\"application\/ld+json\" class=\"yoast-schema-graph\">{\"@context\":\"https:\/\/schema.org\",\"@graph\":[{\"@type\":\"WebPage\",\"@id\":\"https:\/\/woodenuniques.com\/vyrezavane-stoly\/the_lord_of_the_rings\/\",\"url\":\"https:\/\/woodenuniques.com\/vyrezavane-stoly\/the_lord_of_the_rings\/\",\"name\":\"The Lord of the Rings - Wooden Uniques\",\"isPartOf\":{\"@id\":\"https:\/\/woodenuniques.com\/#website\"},\"datePublished\":\"2023-04-26T18:24:12+00:00\",\"dateModified\":\"2024-02-05T17:20:11+00:00\",\"description\":\"The Lord of the Rings Wooden Uniques\",\"breadcrumb\":{\"@id\":\"https:\/\/woodenuniques.com\/vyrezavane-stoly\/the_lord_of_the_rings\/#breadcrumb\"},\"inLanguage\":\"en-US\",\"potentialAction\":[{\"@type\":\"ReadAction\",\"target\":[\"https:\/\/woodenuniques.com\/vyrezavane-stoly\/the_lord_of_the_rings\/\"]}]},{\"@type\":\"BreadcrumbList\",\"@id\":\"https:\/\/woodenuniques.com\/vyrezavane-stoly\/the_lord_of_the_rings\/#breadcrumb\",\"itemListElement\":[{\"@type\":\"ListItem\",\"position\":1,\"name\":\"Dom\u016f\",\"item\":\"https:\/\/woodenuniques.com\/\"},{\"@type\":\"ListItem\",\"position\":2,\"name\":\"Vy\u0159ez\u00e1van\u00e9 stoly\",\"item\":\"https:\/\/woodenuniques.com\/vyrezavane-stoly\/\"},{\"@type\":\"ListItem\",\"position\":3,\"name\":\"The Lord of the Rings\"}]},{\"@type\":\"WebSite\",\"@id\":\"https:\/\/woodenuniques.com\/#website\",\"url\":\"https:\/\/woodenuniques.com\/\",\"name\":\"Wooden Uniques\",\"description\":\"Podmaniv\u00e1 Afrika pro V\u00e1\u0161 unik\u00e1tn\u00ed domov.\",\"publisher\":{\"@id\":\"https:\/\/woodenuniques.com\/#organization\"},\"alternateName\":\"WoodenUniques\",\"potentialAction\":[{\"@type\":\"SearchAction\",\"target\":{\"@type\":\"EntryPoint\",\"urlTemplate\":\"https:\/\/woodenuniques.com\/?s={search_term_string}\"},\"query-input\":{\"@type\":\"PropertyValueSpecification\",\"valueRequired\":true,\"valueName\":\"search_term_string\"}}],\"inLanguage\":\"en-US\"},{\"@type\":\"Organization\",\"@id\":\"https:\/\/woodenuniques.com\/#organization\",\"name\":\"Wooden Uniques\",\"alternateName\":\"Woodenuniques\",\"url\":\"https:\/\/woodenuniques.com\/\",\"logo\":{\"@type\":\"ImageObject\",\"inLanguage\":\"en-US\",\"@id\":\"https:\/\/woodenuniques.com\/#\/schema\/logo\/image\/\",\"url\":\"https:\/\/i0.wp.com\/woodenuniques.com\/wp-content\/uploads\/2023\/04\/logo-nove@4x.png?fit=9201%2C4277&ssl=1\",\"contentUrl\":\"https:\/\/i0.wp.com\/woodenuniques.com\/wp-content\/uploads\/2023\/04\/logo-nove@4x.png?fit=9201%2C4277&ssl=1\",\"width\":9201,\"height\":4277,\"caption\":\"Wooden Uniques\"},\"image\":{\"@id\":\"https:\/\/woodenuniques.com\/#\/schema\/logo\/image\/\"},\"sameAs\":[\"https:\/\/www.instagram.com\/woodenuniques\/\"]}]}<\/script>\n<!-- \/ Yoast SEO plugin. -->","yoast_head_json":{"title":"The Lord of the Rings - Wooden Uniques","description":"The Lord of the Rings Wooden Uniques","robots":{"index":"index","follow":"follow","max-snippet":"max-snippet:-1","max-image-preview":"max-image-preview:large","max-video-preview":"max-video-preview:-1"},"canonical":"https:\/\/woodenuniques.com\/en\/vyrezavane-stoly\/the_lord_of_the_rings\/","og_locale":"en_US","og_type":"article","og_title":"The Lord of the Rings - Wooden Uniques","og_description":"The Lord of the Rings Wooden Uniques","og_url":"https:\/\/woodenuniques.com\/en\/vyrezavane-stoly\/the_lord_of_the_rings\/","og_site_name":"Wooden Uniques","article_modified_time":"2024-02-05T17:20:11+00:00","og_image":[{"width":1997,"height":1160,"url":"https:\/\/i0.wp.com\/woodenuniques.com\/wp-content\/uploads\/2023\/05\/Snimek-obrazovky-2023-05-17-v-21.04.38.png?fit=1997%2C1160&ssl=1","type":"image\/png"}],"twitter_card":"summary_large_image","twitter_misc":{"Est. reading time":"6 minutes"},"schema":{"@context":"https:\/\/schema.org","@graph":[{"@type":"WebPage","@id":"https:\/\/woodenuniques.com\/vyrezavane-stoly\/the_lord_of_the_rings\/","url":"https:\/\/woodenuniques.com\/vyrezavane-stoly\/the_lord_of_the_rings\/","name":"The Lord of the Rings - Wooden Uniques","isPartOf":{"@id":"https:\/\/woodenuniques.com\/#website"},"datePublished":"2023-04-26T18:24:12+00:00","dateModified":"2024-02-05T17:20:11+00:00","description":"The Lord of the Rings Wooden Uniques","breadcrumb":{"@id":"https:\/\/woodenuniques.com\/vyrezavane-stoly\/the_lord_of_the_rings\/#breadcrumb"},"inLanguage":"en-US","potentialAction":[{"@type":"ReadAction","target":["https:\/\/woodenuniques.com\/vyrezavane-stoly\/the_lord_of_the_rings\/"]}]},{"@type":"BreadcrumbList","@id":"https:\/\/woodenuniques.com\/vyrezavane-stoly\/the_lord_of_the_rings\/#breadcrumb","itemListElement":[{"@type":"ListItem","position":1,"name":"Dom\u016f","item":"https:\/\/woodenuniques.com\/"},{"@type":"ListItem","position":2,"name":"Vy\u0159ez\u00e1van\u00e9 stoly","item":"https:\/\/woodenuniques.com\/vyrezavane-stoly\/"},{"@type":"ListItem","position":3,"name":"The Lord of the Rings"}]},{"@type":"WebSite","@id":"https:\/\/woodenuniques.com\/#website","url":"https:\/\/woodenuniques.com\/","name":"Wooden Uniques","description":"Podmaniv\u00e1 Afrika pro V\u00e1\u0161 unik\u00e1tn\u00ed domov.","publisher":{"@id":"https:\/\/woodenuniques.com\/#organization"},"alternateName":"WoodenUniques","potentialAction":[{"@type":"SearchAction","target":{"@type":"EntryPoint","urlTemplate":"https:\/\/woodenuniques.com\/?s={search_term_string}"},"query-input":{"@type":"PropertyValueSpecification","valueRequired":true,"valueName":"search_term_string"}}],"inLanguage":"en-US"},{"@type":"Organization","@id":"https:\/\/woodenuniques.com\/#organization","name":"Wooden Uniques","alternateName":"Woodenuniques","url":"https:\/\/woodenuniques.com\/","logo":{"@type":"ImageObject","inLanguage":"en-US","@id":"https:\/\/woodenuniques.com\/#\/schema\/logo\/image\/","url":"https:\/\/i0.wp.com\/woodenuniques.com\/wp-content\/uploads\/2023\/04\/logo-nove@4x.png?fit=9201%2C4277&ssl=1","contentUrl":"https:\/\/i0.wp.com\/woodenuniques.com\/wp-content\/uploads\/2023\/04\/logo-nove@4x.png?fit=9201%2C4277&ssl=1","width":9201,"height":4277,"caption":"Wooden Uniques"},"image":{"@id":"https:\/\/woodenuniques.com\/#\/schema\/logo\/image\/"},"sameAs":["https:\/\/www.instagram.com\/woodenuniques\/"]}]}},"jetpack-related-posts":[],"jetpack_sharing_enabled":true,"_links":{"self":[{"href":"https:\/\/woodenuniques.com\/en\/wp-json\/wp\/v2\/pages\/736","targetHints":{"allow":["GET"]}}],"collection":[{"href":"https:\/\/woodenuniques.com\/en\/wp-json\/wp\/v2\/pages"}],"about":[{"href":"https:\/\/woodenuniques.com\/en\/wp-json\/wp\/v2\/types\/page"}],"author":[{"embeddable":true,"href":"https:\/\/woodenuniques.com\/en\/wp-json\/wp\/v2\/users\/1"}],"replies":[{"embeddable":true,"href":"https:\/\/woodenuniques.com\/en\/wp-json\/wp\/v2\/comments?post=736"}],"version-history":[{"count":7,"href":"https:\/\/woodenuniques.com\/en\/wp-json\/wp\/v2\/pages\/736\/revisions"}],"predecessor-version":[{"id":1141,"href":"https:\/\/woodenuniques.com\/en\/wp-json\/wp\/v2\/pages\/736\/revisions\/1141"}],"up":[{"embeddable":true,"href":"https:\/\/woodenuniques.com\/en\/wp-json\/wp\/v2\/pages\/190"}],"wp:attachment":[{"href":"https:\/\/woodenuniques.com\/en\/wp-json\/wp\/v2\/media?parent=736"}],"curies":[{"name":"wp","href":"https:\/\/api.w.org\/{rel}","templated":true}]}}