{"id":744,"date":"2023-04-26T18:42:31","date_gmt":"2023-04-26T18:42:31","guid":{"rendered":"https:\/\/woodenuniques.com\/?page_id=744"},"modified":"2024-03-20T15:23:10","modified_gmt":"2024-03-20T15:23:10","slug":"river_flow","status":"publish","type":"page","link":"https:\/\/woodenuniques.com\/de\/jidelni-stoly\/river_flow\/","title":{"rendered":"River Flow"},"content":{"rendered":"<p>[et_pb_section fb_built=&#8220;1&#8243; fullwidth=&#8220;on&#8220; _builder_version=&#8220;4.20.2&#8243; _module_preset=&#8220;default&#8220; global_colors_info=&#8220;{}&#8220;][et_pb_fullwidth_header title=&#8220;River Flow&#8220; subhead=&#8220;druh d\u0159eva: Leadwood&#8220; content_max_width=&#8220;56%&#8220; background_overlay_color_tablet=&#8220;&#8220; background_overlay_color_phone=&#8220;rgba(255,255,255,0.67)&#8220; background_overlay_color_last_edited=&#8220;on|phone&#8220; content_tablet=&#8220;<\/p>\n<div>\n<div>\n<div style=\"%22text-align:\" justify;%22>Sandkiaat je popul\u00e1rn\u00ed druh d\u0159eva pro unik\u00e1tn\u00ed<\/div>\n<div style=\"%22text-align:\" justify;%22>a trvanliv\u00e9 stoly do interi\u00e9ru.<\/div>\n<div style=\"%22text-align:\" justify;%22>Jeho \u0161edav\u00e1 a\u017e sv\u011btle \u017elutohn\u011bd\u00e1 barva<\/div>\n<div style=\"%22text-align:\" justify;%22>s tmav\u0161\u00edm \u017e\u00edh\u00e1n\u00edm vytv\u00e1\u0159\u00ed jedine\u010dn\u00fd vzhled,<\/div>\n<div style=\"%22text-align:\" justify;%22>kter\u00fd se hod\u00ed do mnoha interi\u00e9r\u016f.<\/div>\n<div style=\"%22text-align:\" justify;%22>Stoly vyroben\u00e9 z tohoto d\u0159eva, jsou ide\u00e1ln\u00ed pro ty,<\/div>\n<div style=\"%22text-align:\" justify;%22>kte\u0159\u00ed hledaj\u00ed nenapodobiteln\u00fd kus n\u00e1bytku pro sv\u016fj interi\u00e9r.<\/div>\n<\/div>\n<\/div>\n<p>&#8220; content_phone=&#8220;<\/p>\n<div>\n<div>\n<div style=\"%22text-align:\" justify;%22>Stoly vyroben\u00e9 z tohoto d\u0159eva, jsou ide\u00e1ln\u00ed pro ty,<\/div>\n<div style=\"%22text-align:\" justify;%22>kte\u0159\u00ed hledaj\u00ed nenapodobiteln\u00fd kus n\u00e1bytku pro sv\u016fj interi\u00e9r.<\/div>\n<\/div>\n<\/div>\n<p>&#8220; content_last_edited=&#8220;off|desktop&#8220; content_max_width_tablet=&#8220;56%&#8220; content_max_width_phone=&#8220;100%&#8220; content_max_width_last_edited=&#8220;on|phone&#8220; _builder_version=&#8220;4.20.2&#8243; _module_preset=&#8220;default&#8220; title_font=&#8220;Open Sans|800|||||||&#8220; title_text_color=&#8220;#000000&#8243; title_font_size=&#8220;45px&#8220; content_font=&#8220;Open Sans|300|||||||&#8220; content_text_color=&#8220;#000000&#8243; content_font_size=&#8220;18px&#8220; subhead_font=&#8220;Open Sans||||||||&#8220; subhead_text_color=&#8220;#000000&#8243; subhead_font_size=&#8220;20px&#8220; background_enable_color=&#8220;off&#8220; background_image=&#8220;https:\/\/woodenuniques.com\/wp-content\/uploads\/2023\/04\/River-Flow-D3-50-scaled.jpg&#8220; background_size=&#8220;custom&#8220; background_position=&#8220;center_right&#8220; background_horizontal_offset=&#8220;26%&#8220; max_height=&#8220;560px&#8220; custom_margin_tablet=&#8220;&#8220; custom_margin_phone=&#8220;||-48px||false|false&#8220; custom_margin_last_edited=&#8220;on|phone&#8220; custom_padding_tablet=&#8220;&#8220; custom_padding_phone=&#8220;0px||||false|false&#8220; custom_padding_last_edited=&#8220;on|phone&#8220; hover_enabled=&#8220;0&#8243; background_last_edited=&#8220;on|tablet&#8220; background_size_tablet=&#8220;custom&#8220; background_image_width_tablet=&#8220;33%&#8220; background_horizontal_offset_tablet=&#8220;14%&#8220; border_color_all_image=&#8220;RGBA(255,255,255,0)&#8220; global_colors_info=&#8220;{}&#8220; background_image_width=&#8220;24%&#8220; background_image_height=&#8220;0%&#8220; sticky_enabled=&#8220;0&#8243;]<\/p>\n<div style=\"text-align: justify;\">\n<p>Leadwood wird aufgrund seiner H\u00e4rte, Festigkeit und Langlebigkeit sehr gesch\u00e4tzt und ist daher ideales Material f\u00fcr die Herstellung langlebiger und sch\u00f6ner Tische. Seine dunkle Farbe und die charakteristische Textur schaffen ein einzigartiges Original, das zu einem echten Unikat in Ihrem Zuhause wird.<\/p>\n<p>Tische aus Leadwood-Holz sind mit Naturkanten verziert, die ein rustikales Aussehen verleihen und die nat\u00fcrliche Sch\u00f6nheit des Holzes hervorheben.<\/p>\n<p>Dank der Resistenz des Holzes gegen Termiten und Pilze werden diese Tische \u00fcber Generationen hinweg weitergegeben.<\/p>\n<p>Leadwood-Holz ist dem Ebenholz verbl\u00fcffend \u00e4hnlich, nicht nur wegen seiner dunklen schokoladenbraunen Farbe und der betr\u00e4chtlichen H\u00e4rte, sondern auch wegen seiner Seltenheit.<\/p>\n<\/div>\n<p>[\/et_pb_fullwidth_header][\/et_pb_section][et_pb_section fb_built=&#8220;1&#8243; custom_padding_last_edited=&#8220;on|phone&#8220; _builder_version=&#8220;4.20.2&#8243; _module_preset=&#8220;default&#8220; custom_margin_tablet=&#8220;&#8220; custom_margin_phone=&#8220;0px||||false|false&#8220; custom_margin_last_edited=&#8220;on|phone&#8220; custom_padding_tablet=&#8220;&#8220; custom_padding_phone=&#8220;0px||0px||false|false&#8220; global_colors_info=&#8220;{}&#8220;][et_pb_row _builder_version=&#8220;4.20.2&#8243; _module_preset=&#8220;default&#8220; custom_margin=&#8220;-14px|auto||auto||&#8220; global_colors_info=&#8220;{}&#8220;][et_pb_column type=&#8220;4_4&#8243; _builder_version=&#8220;4.20.2&#8243; _module_preset=&#8220;default&#8220; global_colors_info=&#8220;{}&#8220;][et_pb_text _builder_version=&#8220;4.20.2&#8243; _module_preset=&#8220;default&#8220; text_font=&#8220;Open Sans|300|||||||&#8220; text_text_color=&#8220;#000000&#8243; text_font_size=&#8220;20px&#8220; text_orientation=&#8220;center&#8220; global_colors_info=&#8220;{}&#8220;]<\/p>\n<p>Ein einzigartiger Tisch mit einer einzigartig von Hand bearbeiteter Platte aus Holz Typ Leadwood.<\/p>\n<p>[\/et_pb_text][\/et_pb_column][\/et_pb_row][et_pb_row column_structure=&#8220;3_5,2_5&#8243; make_equal=&#8220;on&#8220; _builder_version=&#8220;4.20.2&#8243; _module_preset=&#8220;default&#8220; global_colors_info=&#8220;{}&#8220;][et_pb_column type=&#8220;3_5&#8243; _builder_version=&#8220;4.20.2&#8243; _module_preset=&#8220;default&#8220; global_colors_info=&#8220;{}&#8220;][et_pb_image src=&#8220;https:\/\/woodenuniques.com\/wp-content\/uploads\/2023\/04\/River-Flow-D5-50.jpg&#8220; title_text=&#8220;River Flow D5-50&#8243; align=&#8220;center&#8220; _builder_version=&#8220;4.20.2&#8243; _module_preset=&#8220;default&#8220; module_alignment=&#8220;center&#8220; max_height=&#8220;350px&#8220; global_colors_info=&#8220;{}&#8220;][\/et_pb_image][\/et_pb_column][et_pb_column type=&#8220;2_5&#8243; _builder_version=&#8220;4.20.2&#8243; _module_preset=&#8220;default&#8220; global_colors_info=&#8220;{}&#8220;][et_pb_text _builder_version=&#8220;4.20.2&#8243; _module_preset=&#8220;default&#8220; text_font=&#8220;Open Sans|300||on|||||&#8220; text_text_color=&#8220;#000000&#8243; text_font_size=&#8220;23px&#8220; text_line_height=&#8220;1em&#8220; min_height=&#8220;95px&#8220; custom_margin=&#8220;90px|||||&#8220; custom_margin_tablet=&#8220;90px|||||&#8220; custom_margin_phone=&#8220;0px||||false|false&#8220; custom_margin_last_edited=&#8220;on|phone&#8220; global_colors_info=&#8220;{}&#8220;]<\/p>\n<p style=\"text-align: left;\"><strong>L\u00e4nge: <\/strong>356 cm<\/p>\n<p style=\"text-align: left;\"><strong>Breite:<\/strong> 99 &#8211; 133 cm<\/p>\n<p style=\"text-align: left;\"><strong>Dicke:<\/strong> 7 cm<\/p>\n<p>[\/et_pb_text][\/et_pb_column][\/et_pb_row][et_pb_row disabled_on=&#8220;on|off|off&#8220; _builder_version=&#8220;4.20.2&#8243; _module_preset=&#8220;default&#8220; global_colors_info=&#8220;{}&#8220;][et_pb_column type=&#8220;4_4&#8243; _builder_version=&#8220;4.20.2&#8243; _module_preset=&#8220;default&#8220; global_colors_info=&#8220;{}&#8220;][et_pb_gallery gallery_ids=&#8220;749,748,747,746&#8243; gallery_orderby=&#8220;rand&#8220; orientation=&#8220;portrait&#8220; show_title_and_caption=&#8220;off&#8220; _builder_version=&#8220;4.20.2&#8243; _module_preset=&#8220;default&#8220; global_colors_info=&#8220;{}&#8220;][\/et_pb_gallery][\/et_pb_column][\/et_pb_row][et_pb_row disabled_on=&#8220;off|off|on&#8220; _builder_version=&#8220;4.20.2&#8243; _module_preset=&#8220;default&#8220; global_colors_info=&#8220;{}&#8220;][et_pb_column type=&#8220;4_4&#8243; _builder_version=&#8220;4.20.2&#8243; _module_preset=&#8220;default&#8220; global_colors_info=&#8220;{}&#8220;][et_pb_gallery gallery_ids=&#8220;749,748,747,746&#8243; gallery_orderby=&#8220;rand&#8220; posts_number=&#8220;1&#8243; orientation=&#8220;portrait&#8220; show_title_and_caption=&#8220;off&#8220; _builder_version=&#8220;4.20.2&#8243; _module_preset=&#8220;default&#8220; global_colors_info=&#8220;{}&#8220;][\/et_pb_gallery][\/et_pb_column][\/et_pb_row][\/et_pb_section][et_pb_section fb_built=&#8220;1&#8243; _builder_version=&#8220;4.20.2&#8243; _module_preset=&#8220;default&#8220; global_colors_info=&#8220;{}&#8220;][et_pb_row _builder_version=&#8220;4.20.2&#8243; _module_preset=&#8220;default&#8220; global_colors_info=&#8220;{}&#8220;][et_pb_column type=&#8220;4_4&#8243; _builder_version=&#8220;4.20.2&#8243; _module_preset=&#8220;default&#8220; global_colors_info=&#8220;{}&#8220;][et_pb_menu menu_id=&#8220;28&#8243; _builder_version=&#8220;4.20.2&#8243; _module_preset=&#8220;default&#8220; global_colors_info=&#8220;{}&#8220;][\/et_pb_menu][\/et_pb_column][\/et_pb_row][\/et_pb_section][et_pb_section fb_built=&#8220;1&#8243; fullwidth=&#8220;on&#8220; _builder_version=&#8220;4.20.2&#8243; _module_preset=&#8220;default&#8220; global_colors_info=&#8220;{}&#8220;][et_pb_fullwidth_header title=&#8220;M\u00e1tej z\u00e1jem o tento st\u016fl?&#8220; subhead=&#8220;Specialista &#8220; button_one_text=&#8220;Kontaktovat&#8220; button_one_url=&#8220;mailto:veronika@woodenuniques.com&#8220; header_image_url=&#8220;https:\/\/woodenuniques.com\/wp-content\/uploads\/2023\/04\/WU_IG_small.png&#8220; header_image_url_tablet=&#8220;https:\/\/woodenuniques.com\/wp-content\/uploads\/2023\/04\/WU_IG_small.png&#8220; header_image_url_phone=&#8220;&#8220; header_image_url_last_edited=&#8220;on|phone&#8220; _builder_version=&#8220;4.20.2&#8243; _module_preset=&#8220;default&#8220; title_font=&#8220;|800||on|||||&#8220; title_text_color=&#8220;#000000&#8243; title_line_height=&#8220;1.2em&#8220; content_font=&#8220;Open Sans|300||on|||||&#8220; content_text_color=&#8220;#000000&#8243; content_font_size=&#8220;18px&#8220; content_line_height=&#8220;1.4em&#8220; subhead_font=&#8220;Open Sans|600||on|||||&#8220; subhead_text_color=&#8220;#000000&#8243; subhead_font_size=&#8220;23px&#8220; subhead_line_height=&#8220;1.7em&#8220; background_color=&#8220;RGBA(255,255,255,0)&#8220; custom_button_one=&#8220;on&#8220; button_one_text_color=&#8220;#ffffff&#8220; button_one_bg_color=&#8220;#422918&#8243; button_one_border_width=&#8220;0px&#8220; button_one_border_color=&#8220;RGBA(255,255,255,0)&#8220; button_one_border_radius=&#8220;18px&#8220; button_one_font=&#8220;Open Sans|800||on|||||&#8220; button_one_icon=&#8220;&#xe010;||divi||400&#8243; custom_padding=&#8220;0px||||false|false&#8220; global_colors_info=&#8220;{}&#8220;]<\/p>\n<p>Veronika Hartov\u00e1<\/p>\n<p>tel.: +420 775 243 657 (CZ\/EN)<\/p>\n<p>[\/et_pb_fullwidth_header][\/et_pb_section]<\/p>","protected":false},"excerpt":{"rendered":"<p>Leadwood je vysoce cen\u011bn\u00fd pro svou tvrdost, pevnost a odolnost, co\u017e z n\u011bj \u010din\u00ed ide\u00e1ln\u00ed materi\u00e1l pro v\u00fdrobu trvanliv\u00fdch a kr\u00e1sn\u00fdch stol\u016f. Jeho tmav\u00e1 barva a v\u00fdrazn\u00e1 textura tvo\u0159\u00ed jedine\u010dn\u00fd origin\u00e1l, kter\u00fd se v\u00a0dom\u00e1cnostech prom\u011bn\u00ed v\u00a0opravdov\u00fd unik\u00e1t. Stoly vyroben\u00e9 z Leadwoodu jsou zdobeny p\u0159\u00edrodn\u00edmi hranami, kter\u00e9 dod\u00e1vaj\u00ed rustik\u00e1ln\u00ed vzhled a zv\u00fdraz\u0148uj\u00ed p\u0159irozenou kr\u00e1su d\u0159eva. D\u00edky [&hellip;]<\/p>","protected":false},"author":1,"featured_media":0,"parent":188,"menu_order":0,"comment_status":"closed","ping_status":"closed","template":"","meta":{"_et_pb_use_builder":"on","_et_pb_old_content":"","_et_gb_content_width":"","footnotes":""},"class_list":["post-744","page","type-page","status-publish","hentry"],"yoast_head":"<!-- This site is optimized with the Yoast SEO plugin v26.0 - https:\/\/yoast.com\/wordpress\/plugins\/seo\/ -->\n<title>River Flow - Wooden Uniques<\/title>\n<meta name=\"description\" content=\"River Flow Wooden Uniques\" \/>\n<meta name=\"robots\" content=\"index, follow, max-snippet:-1, max-image-preview:large, max-video-preview:-1\" \/>\n<link rel=\"canonical\" href=\"https:\/\/woodenuniques.com\/de\/jidelni-stoly\/river_flow\/\" \/>\n<meta property=\"og:locale\" content=\"de_DE\" \/>\n<meta property=\"og:type\" content=\"article\" \/>\n<meta property=\"og:title\" content=\"River Flow - Wooden Uniques\" \/>\n<meta property=\"og:description\" content=\"River Flow Wooden Uniques\" \/>\n<meta property=\"og:url\" content=\"https:\/\/woodenuniques.com\/de\/jidelni-stoly\/river_flow\/\" \/>\n<meta property=\"og:site_name\" content=\"Wooden Uniques\" \/>\n<meta property=\"article:modified_time\" content=\"2024-03-20T15:23:10+00:00\" \/>\n<meta property=\"og:image\" content=\"https:\/\/i0.wp.com\/woodenuniques.com\/wp-content\/uploads\/2023\/05\/Snimek-obrazovky-2023-05-17-v-21.04.38.png?fit=1997%2C1160&ssl=1\" \/>\n\t<meta property=\"og:image:width\" content=\"1997\" \/>\n\t<meta property=\"og:image:height\" content=\"1160\" \/>\n\t<meta property=\"og:image:type\" content=\"image\/png\" \/>\n<meta name=\"twitter:card\" content=\"summary_large_image\" \/>\n<meta name=\"twitter:label1\" content=\"Gesch\u00e4tzte Lesezeit\" \/>\n\t<meta name=\"twitter:data1\" content=\"5\u00a0Minuten\" \/>\n<script type=\"application\/ld+json\" class=\"yoast-schema-graph\">{\"@context\":\"https:\/\/schema.org\",\"@graph\":[{\"@type\":\"WebPage\",\"@id\":\"https:\/\/woodenuniques.com\/jidelni-stoly\/river_flow\/\",\"url\":\"https:\/\/woodenuniques.com\/jidelni-stoly\/river_flow\/\",\"name\":\"River Flow - Wooden Uniques\",\"isPartOf\":{\"@id\":\"https:\/\/woodenuniques.com\/#website\"},\"datePublished\":\"2023-04-26T18:42:31+00:00\",\"dateModified\":\"2024-03-20T15:23:10+00:00\",\"description\":\"River Flow Wooden Uniques\",\"breadcrumb\":{\"@id\":\"https:\/\/woodenuniques.com\/jidelni-stoly\/river_flow\/#breadcrumb\"},\"inLanguage\":\"de\",\"potentialAction\":[{\"@type\":\"ReadAction\",\"target\":[\"https:\/\/woodenuniques.com\/jidelni-stoly\/river_flow\/\"]}]},{\"@type\":\"BreadcrumbList\",\"@id\":\"https:\/\/woodenuniques.com\/jidelni-stoly\/river_flow\/#breadcrumb\",\"itemListElement\":[{\"@type\":\"ListItem\",\"position\":1,\"name\":\"Dom\u016f\",\"item\":\"https:\/\/woodenuniques.com\/\"},{\"@type\":\"ListItem\",\"position\":2,\"name\":\"J\u00eddeln\u00ed stoly\",\"item\":\"https:\/\/woodenuniques.com\/jidelni-stoly\/\"},{\"@type\":\"ListItem\",\"position\":3,\"name\":\"River Flow\"}]},{\"@type\":\"WebSite\",\"@id\":\"https:\/\/woodenuniques.com\/#website\",\"url\":\"https:\/\/woodenuniques.com\/\",\"name\":\"Wooden Uniques\",\"description\":\"Podmaniv\u00e1 Afrika pro V\u00e1\u0161 unik\u00e1tn\u00ed domov.\",\"publisher\":{\"@id\":\"https:\/\/woodenuniques.com\/#organization\"},\"alternateName\":\"WoodenUniques\",\"potentialAction\":[{\"@type\":\"SearchAction\",\"target\":{\"@type\":\"EntryPoint\",\"urlTemplate\":\"https:\/\/woodenuniques.com\/?s={search_term_string}\"},\"query-input\":{\"@type\":\"PropertyValueSpecification\",\"valueRequired\":true,\"valueName\":\"search_term_string\"}}],\"inLanguage\":\"de\"},{\"@type\":\"Organization\",\"@id\":\"https:\/\/woodenuniques.com\/#organization\",\"name\":\"Wooden Uniques\",\"alternateName\":\"Woodenuniques\",\"url\":\"https:\/\/woodenuniques.com\/\",\"logo\":{\"@type\":\"ImageObject\",\"inLanguage\":\"de\",\"@id\":\"https:\/\/woodenuniques.com\/#\/schema\/logo\/image\/\",\"url\":\"https:\/\/i0.wp.com\/woodenuniques.com\/wp-content\/uploads\/2023\/04\/logo-nove@4x.png?fit=9201%2C4277&ssl=1\",\"contentUrl\":\"https:\/\/i0.wp.com\/woodenuniques.com\/wp-content\/uploads\/2023\/04\/logo-nove@4x.png?fit=9201%2C4277&ssl=1\",\"width\":9201,\"height\":4277,\"caption\":\"Wooden Uniques\"},\"image\":{\"@id\":\"https:\/\/woodenuniques.com\/#\/schema\/logo\/image\/\"},\"sameAs\":[\"https:\/\/www.instagram.com\/woodenuniques\/\"]}]}<\/script>\n<!-- \/ Yoast SEO plugin. -->","yoast_head_json":{"title":"River Flow - Wooden Uniques","description":"River Flow Wooden Uniques","robots":{"index":"index","follow":"follow","max-snippet":"max-snippet:-1","max-image-preview":"max-image-preview:large","max-video-preview":"max-video-preview:-1"},"canonical":"https:\/\/woodenuniques.com\/de\/jidelni-stoly\/river_flow\/","og_locale":"de_DE","og_type":"article","og_title":"River Flow - Wooden Uniques","og_description":"River Flow Wooden Uniques","og_url":"https:\/\/woodenuniques.com\/de\/jidelni-stoly\/river_flow\/","og_site_name":"Wooden Uniques","article_modified_time":"2024-03-20T15:23:10+00:00","og_image":[{"width":1997,"height":1160,"url":"https:\/\/i0.wp.com\/woodenuniques.com\/wp-content\/uploads\/2023\/05\/Snimek-obrazovky-2023-05-17-v-21.04.38.png?fit=1997%2C1160&ssl=1","type":"image\/png"}],"twitter_card":"summary_large_image","twitter_misc":{"Gesch\u00e4tzte Lesezeit":"5\u00a0Minuten"},"schema":{"@context":"https:\/\/schema.org","@graph":[{"@type":"WebPage","@id":"https:\/\/woodenuniques.com\/jidelni-stoly\/river_flow\/","url":"https:\/\/woodenuniques.com\/jidelni-stoly\/river_flow\/","name":"River Flow - Wooden Uniques","isPartOf":{"@id":"https:\/\/woodenuniques.com\/#website"},"datePublished":"2023-04-26T18:42:31+00:00","dateModified":"2024-03-20T15:23:10+00:00","description":"River Flow Wooden Uniques","breadcrumb":{"@id":"https:\/\/woodenuniques.com\/jidelni-stoly\/river_flow\/#breadcrumb"},"inLanguage":"de","potentialAction":[{"@type":"ReadAction","target":["https:\/\/woodenuniques.com\/jidelni-stoly\/river_flow\/"]}]},{"@type":"BreadcrumbList","@id":"https:\/\/woodenuniques.com\/jidelni-stoly\/river_flow\/#breadcrumb","itemListElement":[{"@type":"ListItem","position":1,"name":"Dom\u016f","item":"https:\/\/woodenuniques.com\/"},{"@type":"ListItem","position":2,"name":"J\u00eddeln\u00ed stoly","item":"https:\/\/woodenuniques.com\/jidelni-stoly\/"},{"@type":"ListItem","position":3,"name":"River Flow"}]},{"@type":"WebSite","@id":"https:\/\/woodenuniques.com\/#website","url":"https:\/\/woodenuniques.com\/","name":"Wooden Uniques","description":"Podmaniv\u00e1 Afrika pro V\u00e1\u0161 unik\u00e1tn\u00ed domov.","publisher":{"@id":"https:\/\/woodenuniques.com\/#organization"},"alternateName":"WoodenUniques","potentialAction":[{"@type":"SearchAction","target":{"@type":"EntryPoint","urlTemplate":"https:\/\/woodenuniques.com\/?s={search_term_string}"},"query-input":{"@type":"PropertyValueSpecification","valueRequired":true,"valueName":"search_term_string"}}],"inLanguage":"de"},{"@type":"Organization","@id":"https:\/\/woodenuniques.com\/#organization","name":"Wooden Uniques","alternateName":"Woodenuniques","url":"https:\/\/woodenuniques.com\/","logo":{"@type":"ImageObject","inLanguage":"de","@id":"https:\/\/woodenuniques.com\/#\/schema\/logo\/image\/","url":"https:\/\/i0.wp.com\/woodenuniques.com\/wp-content\/uploads\/2023\/04\/logo-nove@4x.png?fit=9201%2C4277&ssl=1","contentUrl":"https:\/\/i0.wp.com\/woodenuniques.com\/wp-content\/uploads\/2023\/04\/logo-nove@4x.png?fit=9201%2C4277&ssl=1","width":9201,"height":4277,"caption":"Wooden Uniques"},"image":{"@id":"https:\/\/woodenuniques.com\/#\/schema\/logo\/image\/"},"sameAs":["https:\/\/www.instagram.com\/woodenuniques\/"]}]}},"jetpack-related-posts":[],"jetpack_sharing_enabled":true,"_links":{"self":[{"href":"https:\/\/woodenuniques.com\/de\/wp-json\/wp\/v2\/pages\/744","targetHints":{"allow":["GET"]}}],"collection":[{"href":"https:\/\/woodenuniques.com\/de\/wp-json\/wp\/v2\/pages"}],"about":[{"href":"https:\/\/woodenuniques.com\/de\/wp-json\/wp\/v2\/types\/page"}],"author":[{"embeddable":true,"href":"https:\/\/woodenuniques.com\/de\/wp-json\/wp\/v2\/users\/1"}],"replies":[{"embeddable":true,"href":"https:\/\/woodenuniques.com\/de\/wp-json\/wp\/v2\/comments?post=744"}],"version-history":[{"count":11,"href":"https:\/\/woodenuniques.com\/de\/wp-json\/wp\/v2\/pages\/744\/revisions"}],"predecessor-version":[{"id":1212,"href":"https:\/\/woodenuniques.com\/de\/wp-json\/wp\/v2\/pages\/744\/revisions\/1212"}],"up":[{"embeddable":true,"href":"https:\/\/woodenuniques.com\/de\/wp-json\/wp\/v2\/pages\/188"}],"wp:attachment":[{"href":"https:\/\/woodenuniques.com\/de\/wp-json\/wp\/v2\/media?parent=744"}],"curies":[{"name":"wp","href":"https:\/\/api.w.org\/{rel}","templated":true}]}}